{"id":12,"date":"2017-01-07T13:05:56","date_gmt":"2017-01-07T12:05:56","guid":{"rendered":"http:\/\/www.pc-service-aus-schaumburg.de\/wordpress\/?page_id=12"},"modified":"2020-05-12T13:45:14","modified_gmt":"2020-05-12T11:45:14","slug":"kooperationspartner","status":"publish","type":"page","link":"https:\/\/www.pc-service-aus-schaumburg.de\/index.php\/kooperationspartner\/","title":{"rendered":"KOOPERATIONSPARTNER"},"content":{"rendered":"<p style=\"text-align: left;\"><span style=\"font-size: 14pt; font-family: comic sans ms, sans-serif;\"><strong>Meine Partner<\/strong><\/span><\/p>\n<p style=\"text-align: left;\"><span style=\"font-family: comic sans ms, sans-serif;\">Gute Kooperationspartner sind f\u00fcr die Leistungsf\u00e4higkeit und Qualit\u00e4t meines Unternehmens unerl\u00e4sslich.<\/span><br \/>\n<span style=\"font-family: comic sans ms, sans-serif;\">Um f\u00fcr meinen Kundenstamm die individuell besten Ergebnisse erzielen zu k\u00f6nnen, arbeite ich mit diversen Partnerunternehmen zusammen.<\/span><br \/>\n<span style=\"font-family: comic sans ms, sans-serif;\">Nachstehend erhalten Sie eine Auswahl meiner Kooperationspartner, mit denen ich eng zusammen arbeite.<\/span><\/p>\n<p style=\"text-align: center;\"><span style=\"font-family: comic sans ms, sans-serif;\"><strong><span style=\"font-size: 14pt;\">\u00dcber das nachfolgende Werbebanner gelangen Sie zu meinem neuen Telekom Profi-Shop<\/span>:<\/strong><\/span><\/p>\n<p style=\"text-align: center;\"><a href=\"https:\/\/www.pc-service-aus-schaumburg.telekom-profis.de\"><img loading=\"lazy\" decoding=\"async\" class=\"alignnone wp-image-390 size-full\" src=\"http:\/\/www.pc-service-aus-schaumburg.de\/wp-content\/uploads\/2017\/01\/telekom-logo-600px-129px-mag.jpg\" alt=\"telekom-logo-600px-129px-mag\" width=\"600\" height=\"129\" srcset=\"https:\/\/www.pc-service-aus-schaumburg.de\/wp-content\/uploads\/2017\/01\/telekom-logo-600px-129px-mag.jpg 600w, https:\/\/www.pc-service-aus-schaumburg.de\/wp-content\/uploads\/2017\/01\/telekom-logo-600px-129px-mag-300x65.jpg 300w\" sizes=\"auto, (max-width: 600px) 100vw, 600px\" \/><\/a><\/p>\n<p style=\"text-align: center;\"><span style=\"font-family: comic sans ms, sans-serif;\"><strong><span style=\"font-size: 14pt;\">\u00dcber das nachfolgende Werbebanner gelangen zu Sie meinem Kooperationspartner STRATO:<\/span><\/strong><\/span><\/p>\n<p style=\"text-align: center;\"><strong><span style=\"font-size: 14pt;\"><a href=\"http:\/\/www.zanox-affiliate.de\/ppc\/?42713041C1709851501T\"><img loading=\"lazy\" decoding=\"async\" class=\"alignnone wp-image-2822 size-full\" src=\"http:\/\/www.pc-service-aus-schaumburg.de\/wp-content\/uploads\/2017\/01\/strato_logo_160x60.gif\" alt=\"\" width=\"160\" height=\"60\" \/><\/a><\/span><\/strong><\/p>\n<p style=\"text-align: center;\"><span style=\"font-family: comic sans ms, sans-serif;\"><strong>Sie suchen Superg\u00fcnstige Angebote von STRATO &#8211; dann hier klicken!<\/strong><\/span><\/p>\n<p style=\"text-align: center;\"><span style=\"font-family: comic sans ms, sans-serif;\"><strong><span style=\"font-size: 14pt;\">\u00dcber das nachfolgende Werbebanner gelangen zu Sie meinem Kooperationspartner EWE:<\/span><\/strong><\/span><\/p>\n<p style=\"text-align: center;\"><a href=\"http:\/\/ad.zanox.com\/ppc\/?42713078C1631444512T\"><img loading=\"lazy\" decoding=\"async\" class=\"alignnone wp-image-2823 size-full\" src=\"http:\/\/www.pc-service-aus-schaumburg.de\/wp-content\/uploads\/2017\/01\/240x60.gif\" alt=\"\" width=\"240\" height=\"60\" \/><\/a><\/p>\n<p style=\"text-align: center;\"><span style=\"font-family: comic sans ms, sans-serif;\"><strong>EWE &#8211; DSL, Festnetz und Mobilfunk<\/strong><\/span><\/p>\n","protected":false},"excerpt":{"rendered":"<p>Meine Partner Gute Kooperationspartner sind f\u00fcr die Leistungsf\u00e4higkeit und Qualit\u00e4t meines Unternehmens unerl\u00e4sslich. Um f\u00fcr meinen Kundenstamm die individuell besten Ergebnisse erzielen zu k\u00f6nnen, arbeite ich mit diversen Partnerunternehmen zusammen. Nachstehend erhalten Sie eine Auswahl meiner Kooperationspartner, mit denen ich eng zusammen arbeite. \u00dcber das nachfolgende Werbebanner gelangen Sie zu meinem neuen Telekom Profi-Shop: \u00dcber [&hellip;]<\/p>\n","protected":false},"author":1,"featured_media":0,"parent":0,"menu_order":0,"comment_status":"closed","ping_status":"closed","template":"","meta":{"footnotes":""},"class_list":["post-12","page","type-page","status-publish","hentry"],"yoast_head":"<!-- This site is optimized with the Yoast SEO plugin v27.5 - https:\/\/yoast.com\/product\/yoast-seo-wordpress\/ -->\n<title>KOOPERATIONSPARTNER - PC Service aus Schaumburg<\/title>\n<meta name=\"robots\" content=\"index, follow, max-snippet:-1, max-image-preview:large, max-video-preview:-1\" \/>\n<link rel=\"canonical\" href=\"https:\/\/www.pc-service-aus-schaumburg.de\/index.php\/kooperationspartner\/\" \/>\n<meta property=\"og:locale\" content=\"de_DE\" \/>\n<meta property=\"og:type\" content=\"article\" \/>\n<meta property=\"og:title\" content=\"KOOPERATIONSPARTNER - PC Service aus Schaumburg\" \/>\n<meta property=\"og:description\" content=\"Meine Partner Gute Kooperationspartner sind f\u00fcr die Leistungsf\u00e4higkeit und Qualit\u00e4t meines Unternehmens unerl\u00e4sslich. Um f\u00fcr meinen Kundenstamm die individuell besten Ergebnisse erzielen zu k\u00f6nnen, arbeite ich mit diversen Partnerunternehmen zusammen. Nachstehend erhalten Sie eine Auswahl meiner Kooperationspartner, mit denen ich eng zusammen arbeite. \u00dcber das nachfolgende Werbebanner gelangen Sie zu meinem neuen Telekom Profi-Shop: \u00dcber [&hellip;]\" \/>\n<meta property=\"og:url\" content=\"https:\/\/www.pc-service-aus-schaumburg.de\/index.php\/kooperationspartner\/\" \/>\n<meta property=\"og:site_name\" content=\"PC Service aus Schaumburg\" \/>\n<meta property=\"article:publisher\" content=\"https:\/\/www.facebook.com\/pc.service.aus.schaumburg\" \/>\n<meta property=\"article:modified_time\" content=\"2020-05-12T11:45:14+00:00\" \/>\n<meta property=\"og:image\" content=\"http:\/\/www.pc-service-aus-schaumburg.de\/wp-content\/uploads\/2017\/01\/telekom-logo-600px-129px-mag.jpg\" \/>\n<meta name=\"twitter:card\" content=\"summary_large_image\" \/>\n<script type=\"application\/ld+json\" class=\"yoast-schema-graph\">{\"@context\":\"https:\\\/\\\/schema.org\",\"@graph\":[{\"@type\":\"WebPage\",\"@id\":\"https:\\\/\\\/www.pc-service-aus-schaumburg.de\\\/index.php\\\/kooperationspartner\\\/\",\"url\":\"https:\\\/\\\/www.pc-service-aus-schaumburg.de\\\/index.php\\\/kooperationspartner\\\/\",\"name\":\"KOOPERATIONSPARTNER - PC Service aus Schaumburg\",\"isPartOf\":{\"@id\":\"https:\\\/\\\/www.pc-service-aus-schaumburg.de\\\/#website\"},\"primaryImageOfPage\":{\"@id\":\"https:\\\/\\\/www.pc-service-aus-schaumburg.de\\\/index.php\\\/kooperationspartner\\\/#primaryimage\"},\"image\":{\"@id\":\"https:\\\/\\\/www.pc-service-aus-schaumburg.de\\\/index.php\\\/kooperationspartner\\\/#primaryimage\"},\"thumbnailUrl\":\"http:\\\/\\\/www.pc-service-aus-schaumburg.de\\\/wp-content\\\/uploads\\\/2017\\\/01\\\/telekom-logo-600px-129px-mag.jpg\",\"datePublished\":\"2017-01-07T12:05:56+00:00\",\"dateModified\":\"2020-05-12T11:45:14+00:00\",\"breadcrumb\":{\"@id\":\"https:\\\/\\\/www.pc-service-aus-schaumburg.de\\\/index.php\\\/kooperationspartner\\\/#breadcrumb\"},\"inLanguage\":\"de\",\"potentialAction\":[{\"@type\":\"ReadAction\",\"target\":[\"https:\\\/\\\/www.pc-service-aus-schaumburg.de\\\/index.php\\\/kooperationspartner\\\/\"]}]},{\"@type\":\"ImageObject\",\"inLanguage\":\"de\",\"@id\":\"https:\\\/\\\/www.pc-service-aus-schaumburg.de\\\/index.php\\\/kooperationspartner\\\/#primaryimage\",\"url\":\"https:\\\/\\\/www.pc-service-aus-schaumburg.de\\\/wp-content\\\/uploads\\\/2017\\\/01\\\/telekom-logo-600px-129px-mag.jpg\",\"contentUrl\":\"https:\\\/\\\/www.pc-service-aus-schaumburg.de\\\/wp-content\\\/uploads\\\/2017\\\/01\\\/telekom-logo-600px-129px-mag.jpg\",\"width\":600,\"height\":129},{\"@type\":\"BreadcrumbList\",\"@id\":\"https:\\\/\\\/www.pc-service-aus-schaumburg.de\\\/index.php\\\/kooperationspartner\\\/#breadcrumb\",\"itemListElement\":[{\"@type\":\"ListItem\",\"position\":1,\"name\":\"Startseite\",\"item\":\"https:\\\/\\\/www.pc-service-aus-schaumburg.de\\\/\"},{\"@type\":\"ListItem\",\"position\":2,\"name\":\"KOOPERATIONSPARTNER\"}]},{\"@type\":\"WebSite\",\"@id\":\"https:\\\/\\\/www.pc-service-aus-schaumburg.de\\\/#website\",\"url\":\"https:\\\/\\\/www.pc-service-aus-schaumburg.de\\\/\",\"name\":\"PC Service aus Schaumburg\",\"description\":\"\",\"publisher\":{\"@id\":\"https:\\\/\\\/www.pc-service-aus-schaumburg.de\\\/#organization\"},\"potentialAction\":[{\"@type\":\"SearchAction\",\"target\":{\"@type\":\"EntryPoint\",\"urlTemplate\":\"https:\\\/\\\/www.pc-service-aus-schaumburg.de\\\/?s={search_term_string}\"},\"query-input\":{\"@type\":\"PropertyValueSpecification\",\"valueRequired\":true,\"valueName\":\"search_term_string\"}}],\"inLanguage\":\"de\"},{\"@type\":\"Organization\",\"@id\":\"https:\\\/\\\/www.pc-service-aus-schaumburg.de\\\/#organization\",\"name\":\"PC Service aus Schaumburg\",\"url\":\"https:\\\/\\\/www.pc-service-aus-schaumburg.de\\\/\",\"logo\":{\"@type\":\"ImageObject\",\"inLanguage\":\"de\",\"@id\":\"https:\\\/\\\/www.pc-service-aus-schaumburg.de\\\/#\\\/schema\\\/logo\\\/image\\\/\",\"url\":\"https:\\\/\\\/www.pc-service-aus-schaumburg.de\\\/wp-content\\\/uploads\\\/2017\\\/01\\\/Logo.png\",\"contentUrl\":\"https:\\\/\\\/www.pc-service-aus-schaumburg.de\\\/wp-content\\\/uploads\\\/2017\\\/01\\\/Logo.png\",\"width\":200,\"height\":200,\"caption\":\"PC Service aus Schaumburg\"},\"image\":{\"@id\":\"https:\\\/\\\/www.pc-service-aus-schaumburg.de\\\/#\\\/schema\\\/logo\\\/image\\\/\"},\"sameAs\":[\"https:\\\/\\\/www.facebook.com\\\/pc.service.aus.schaumburg\"]}]}<\/script>\n<!-- \/ Yoast SEO plugin. -->","yoast_head_json":{"title":"KOOPERATIONSPARTNER - PC Service aus Schaumburg","robots":{"index":"index","follow":"follow","max-snippet":"max-snippet:-1","max-image-preview":"max-image-preview:large","max-video-preview":"max-video-preview:-1"},"canonical":"https:\/\/www.pc-service-aus-schaumburg.de\/index.php\/kooperationspartner\/","og_locale":"de_DE","og_type":"article","og_title":"KOOPERATIONSPARTNER - PC Service aus Schaumburg","og_description":"Meine Partner Gute Kooperationspartner sind f\u00fcr die Leistungsf\u00e4higkeit und Qualit\u00e4t meines Unternehmens unerl\u00e4sslich. Um f\u00fcr meinen Kundenstamm die individuell besten Ergebnisse erzielen zu k\u00f6nnen, arbeite ich mit diversen Partnerunternehmen zusammen. Nachstehend erhalten Sie eine Auswahl meiner Kooperationspartner, mit denen ich eng zusammen arbeite. \u00dcber das nachfolgende Werbebanner gelangen Sie zu meinem neuen Telekom Profi-Shop: \u00dcber [&hellip;]","og_url":"https:\/\/www.pc-service-aus-schaumburg.de\/index.php\/kooperationspartner\/","og_site_name":"PC Service aus Schaumburg","article_publisher":"https:\/\/www.facebook.com\/pc.service.aus.schaumburg","article_modified_time":"2020-05-12T11:45:14+00:00","og_image":[{"url":"http:\/\/www.pc-service-aus-schaumburg.de\/wp-content\/uploads\/2017\/01\/telekom-logo-600px-129px-mag.jpg","type":"","width":"","height":""}],"twitter_card":"summary_large_image","schema":{"@context":"https:\/\/schema.org","@graph":[{"@type":"WebPage","@id":"https:\/\/www.pc-service-aus-schaumburg.de\/index.php\/kooperationspartner\/","url":"https:\/\/www.pc-service-aus-schaumburg.de\/index.php\/kooperationspartner\/","name":"KOOPERATIONSPARTNER - PC Service aus Schaumburg","isPartOf":{"@id":"https:\/\/www.pc-service-aus-schaumburg.de\/#website"},"primaryImageOfPage":{"@id":"https:\/\/www.pc-service-aus-schaumburg.de\/index.php\/kooperationspartner\/#primaryimage"},"image":{"@id":"https:\/\/www.pc-service-aus-schaumburg.de\/index.php\/kooperationspartner\/#primaryimage"},"thumbnailUrl":"http:\/\/www.pc-service-aus-schaumburg.de\/wp-content\/uploads\/2017\/01\/telekom-logo-600px-129px-mag.jpg","datePublished":"2017-01-07T12:05:56+00:00","dateModified":"2020-05-12T11:45:14+00:00","breadcrumb":{"@id":"https:\/\/www.pc-service-aus-schaumburg.de\/index.php\/kooperationspartner\/#breadcrumb"},"inLanguage":"de","potentialAction":[{"@type":"ReadAction","target":["https:\/\/www.pc-service-aus-schaumburg.de\/index.php\/kooperationspartner\/"]}]},{"@type":"ImageObject","inLanguage":"de","@id":"https:\/\/www.pc-service-aus-schaumburg.de\/index.php\/kooperationspartner\/#primaryimage","url":"https:\/\/www.pc-service-aus-schaumburg.de\/wp-content\/uploads\/2017\/01\/telekom-logo-600px-129px-mag.jpg","contentUrl":"https:\/\/www.pc-service-aus-schaumburg.de\/wp-content\/uploads\/2017\/01\/telekom-logo-600px-129px-mag.jpg","width":600,"height":129},{"@type":"BreadcrumbList","@id":"https:\/\/www.pc-service-aus-schaumburg.de\/index.php\/kooperationspartner\/#breadcrumb","itemListElement":[{"@type":"ListItem","position":1,"name":"Startseite","item":"https:\/\/www.pc-service-aus-schaumburg.de\/"},{"@type":"ListItem","position":2,"name":"KOOPERATIONSPARTNER"}]},{"@type":"WebSite","@id":"https:\/\/www.pc-service-aus-schaumburg.de\/#website","url":"https:\/\/www.pc-service-aus-schaumburg.de\/","name":"PC Service aus Schaumburg","description":"","publisher":{"@id":"https:\/\/www.pc-service-aus-schaumburg.de\/#organization"},"potentialAction":[{"@type":"SearchAction","target":{"@type":"EntryPoint","urlTemplate":"https:\/\/www.pc-service-aus-schaumburg.de\/?s={search_term_string}"},"query-input":{"@type":"PropertyValueSpecification","valueRequired":true,"valueName":"search_term_string"}}],"inLanguage":"de"},{"@type":"Organization","@id":"https:\/\/www.pc-service-aus-schaumburg.de\/#organization","name":"PC Service aus Schaumburg","url":"https:\/\/www.pc-service-aus-schaumburg.de\/","logo":{"@type":"ImageObject","inLanguage":"de","@id":"https:\/\/www.pc-service-aus-schaumburg.de\/#\/schema\/logo\/image\/","url":"https:\/\/www.pc-service-aus-schaumburg.de\/wp-content\/uploads\/2017\/01\/Logo.png","contentUrl":"https:\/\/www.pc-service-aus-schaumburg.de\/wp-content\/uploads\/2017\/01\/Logo.png","width":200,"height":200,"caption":"PC Service aus Schaumburg"},"image":{"@id":"https:\/\/www.pc-service-aus-schaumburg.de\/#\/schema\/logo\/image\/"},"sameAs":["https:\/\/www.facebook.com\/pc.service.aus.schaumburg"]}]}},"publishpress_future_action":{"enabled":false,"date":"2026-05-15 12:56:08","action":"change-status","newStatus":"draft","terms":[],"taxonomy":"","extraData":[]},"publishpress_future_workflow_manual_trigger":{"enabledWorkflows":[]},"_links":{"self":[{"href":"https:\/\/www.pc-service-aus-schaumburg.de\/index.php\/wp-json\/wp\/v2\/pages\/12","targetHints":{"allow":["GET"]}}],"collection":[{"href":"https:\/\/www.pc-service-aus-schaumburg.de\/index.php\/wp-json\/wp\/v2\/pages"}],"about":[{"href":"https:\/\/www.pc-service-aus-schaumburg.de\/index.php\/wp-json\/wp\/v2\/types\/page"}],"author":[{"embeddable":true,"href":"https:\/\/www.pc-service-aus-schaumburg.de\/index.php\/wp-json\/wp\/v2\/users\/1"}],"replies":[{"embeddable":true,"href":"https:\/\/www.pc-service-aus-schaumburg.de\/index.php\/wp-json\/wp\/v2\/comments?post=12"}],"version-history":[{"count":0,"href":"https:\/\/www.pc-service-aus-schaumburg.de\/index.php\/wp-json\/wp\/v2\/pages\/12\/revisions"}],"wp:attachment":[{"href":"https:\/\/www.pc-service-aus-schaumburg.de\/index.php\/wp-json\/wp\/v2\/media?parent=12"}],"curies":[{"name":"wp","href":"https:\/\/api.w.org\/{rel}","templated":true}]}}