{"id":23,"date":"2017-01-07T13:17:06","date_gmt":"2017-01-07T12:17:06","guid":{"rendered":"http:\/\/www.pc-service-aus-schaumburg.de\/wordpress\/?page_id=23"},"modified":"2022-04-09T13:27:46","modified_gmt":"2022-04-09T11:27:46","slug":"agb","status":"publish","type":"page","link":"https:\/\/www.pc-service-aus-schaumburg.de\/index.php\/agb\/","title":{"rendered":"AGB"},"content":{"rendered":"<p><span style=\"font-family: comic sans ms, sans-serif;\"><strong>Allgemeine Gesch\u00e4ftsbedingungen (AGB)<\/strong><\/span><\/p>\n<p>&nbsp;<\/p>\n<p><span style=\"font-family: comic sans ms, sans-serif;\"><strong>1. Allgemeines<\/strong><\/span><\/p>\n<p><span style=\"font-family: comic sans ms, sans-serif;\">Sollten einzelne Punkte dieser AGB nicht rechtskr\u00e4ftig sein, so gelten weiterhin alle anderen Punkte ohne Einschr\u00e4nkung. Unwirksame Vertragsbestandteile werden durch solche ersetzt, die den Sinn der unwirksamen Bestandteile wiedergeben und nach geltendem Recht zul\u00e4ssig sind. In den nachfolgenden Abschnitten aufgef\u00fchrte Gesch\u00e4ftsbedingungen sind Bestandteil aller Vertr\u00e4ge mit Tobias M\u00f6ller (PC Service aus Schaumburg).<\/span><\/p>\n<p><span style=\"font-family: comic sans ms, sans-serif;\">Sondervereinbarungen \u00a0und Nebenabreden bed\u00fcrfen der Schriftform. Bei Nichteinhaltung, insbesondere bei Zahlungsverzug des Kunden ist Tobias M\u00f6ller, berechtigt, die Ausf\u00fchrung vorliegender Auftr\u00e4ge bis zur Erf\u00fcllung der Bedingungen ganz oder teilweise auszusetzen, oder Auftr\u00e4ge zu streichen.<\/span><\/p>\n<p><span style=\"font-family: comic sans ms, sans-serif;\"><strong><br \/>\n2. Angebot und Vertragsabschluss<\/strong><\/span><\/p>\n<p><span style=\"font-family: comic sans ms, sans-serif;\">Ein Vertrag \u00fcber die Erbringung von Leistungen mit Tobias M\u00f6ller (PC Service aus Schaumburg) kann nur schriftlich zustande kommen. Auftr\u00e4ge, die Tobias M\u00f6ller (PC Service aus Schaumburg) mit elektronischer Post (E-Mail) erreichen, bed\u00fcrfen keiner schriftlichen Best\u00e4tigung. Alle von Tobias M\u00f6ller (PC Service aus Schaumburg) erstellten Angebote sind freibleibend und unverbindlich.<\/span><\/p>\n<p><span style=\"font-family: comic sans ms, sans-serif;\"><strong><br \/>\n3. Zahlungsbedingungen<\/strong><\/span><\/p>\n<p><span style=\"font-family: comic sans ms, sans-serif;\">3.1 Zahlungsbedingungen f\u00fcr Privatkunden<\/span><br \/>\n<span style=\"font-family: comic sans ms, sans-serif;\">Zahlung nach Auftragserf\u00fcllung in bar sofort, per EC-Cash oder per \u00dcberweisung innerhalb von 14 Tagen nach Rechnungseigang auf das Bankkonto von Tobias M\u00f6ller (PC Service aus Schaumburg). Alle Kosten f\u00fcr notwendige Hardwarebeschaffungen sind vorab per Bank\u00fcberweisung, per EC-Cash oder in bar gegen Quittung zu begleichen. Zahlungen gelten als erfolgt, wenn der Rechnungsbetrag auf dem Bankkonto von Tobias M\u00f6ller (PC Service aus Schaumburg) vollst\u00e4ndig gutgeschrieben worden ist. Wird der Zahlungsverpflichtung nicht nachgekommen, wird die vereinbarte Leistung bis zum Zahlungseingang ausgesetzt. Kosten, die Tobias M\u00f6ller durch R\u00fccksendung der Kundenhardware und Zahlungsverzug entstehen, tr\u00e4gt der Kunde. Stellt der Kunde zur Erf\u00fcllung des Auftrages notwendige Daten nicht innerhalb von 2 Wochen zur Verf\u00fcgung, ist Tobias M\u00f6ller (PC Service aus Schaumburg) berechtigt 50% der Auftragssumme als Vorschuss in Rechnung zu stellen bzw. den Vertrag ohne Einhaltung von Fristen zu k\u00fcndigen.<\/span><\/p>\n<p><span style=\"font-family: comic sans ms, sans-serif;\">Der Vertragspartner ist dar\u00fcber informiert, dass die durch den Auftrag entstehenden Forderungen an die <\/span><span style=\"font-family: comic sans ms, sans-serif;\">Meridiem Finanz GmbH, Kieshecker Weg 240, 40468 D\u00fcsseldorf, sowie an ein refinanzierendes Institut abgetreten <\/span><span style=\"font-family: comic sans ms, sans-serif;\">werden k\u00f6nnen, wobei diese Unternehmen dann unter Beachtung der datenschutzrechtlichen <\/span><span style=\"font-family: comic sans ms, sans-serif;\">Bestimmungen auch berechtigt sind, die in Zusammenhang mit den abgetretenen Forderungen stehenden <\/span><span style=\"font-family: comic sans ms, sans-serif;\">Daten zu speichern, zu verarbeiten oder zu nutzen und Ausk\u00fcnfte der SCHUFA Holding AG in Wiesbaden <\/span><span style=\"font-family: comic sans ms, sans-serif;\">einzuholen.<br \/>\n<\/span><span style=\"font-family: comic sans ms, sans-serif;\">Mail: info@meridiem-finanz.de<br \/>\nTel: 06331 53 18 65 2<\/span><br \/>\n<span style=\"font-family: comic sans ms, sans-serif;\">Dem Vertragspartner ist bekannt, dass Zahlungen ausschlie\u00dflich auf das auf den Rechnungen angegebene <\/span><span style=\"font-family: comic sans ms, sans-serif;\">Zahlungskonto zu leisten sind.<\/span><\/p>\n<p><span style=\"font-family: comic sans ms, sans-serif;\">3.2 Zahlungsbedingungen f\u00fcr Firmenkunden<\/span><br \/>\n<span style=\"font-family: comic sans ms, sans-serif;\">Bei Auftragserteilung wird eine Vorabzahlung in H\u00f6he von 50 % der Angebotssumme f\u00e4llig. Die endg\u00fcltige Rechnungsstellung erfolgt nach kompletter Fertigstellung des Auftrages. Das Zahlungsziel betr\u00e4gt 7 Werktage nach Rechnungsstellung. Alle Leistungen von Tobias M\u00f6ller (PC Service aus Schaumburg) sind per Bank\u00fcberweisung,\u00a0per EC-Cash oder in bar gegen Quittung zu begleichen. Zahlungen gelten als erfolgt, wenn der Rechnungsbetrag auf dem Bankkonto von Tobias M\u00f6ller (PC Service aus Schaumburg) vollst\u00e4ndig gutgeschrieben worden ist. Wird der Zahlungsverpflichtung nicht nachgekommen, wird die vereinbarte Leistung bis zum Zahlungseingang ausgesetzt. Kosten, die Tobias M\u00f6ller(PC Service aus Schaumburg) durch R\u00fccksendung der Kundenhardware und Zahlungsverzug entstehen, tr\u00e4gt der Kunde. Stellt der Kunde zur Erf\u00fcllung des Auftrages notwendige Daten nicht innerhalb von 2 Wochen zur Verf\u00fcgung, ist Tobias M\u00f6ller (PC Service aus Schaumburg) berechtigt 50% der Auftragssumme als Vorschuss in Rechnung zu stellen bzw. den Vertrag ohne Einhaltung von Fristen zu k\u00fcndigen.<\/span><\/p>\n<p><span style=\"font-family: comic sans ms, sans-serif;\">Der Vertragspartner ist dar\u00fcber informiert, dass die durch den Auftrag entstehenden Forderungen an die Meridiem Finanz GmbH, Kieshecker Weg 240, 40468 D\u00fcsseldorf, sowie an ein refinanzierendes Institut abgetreten werden k\u00f6nnen, wobei diese Unternehmen dann unter Beachtung der datenschutzrechtlichen Bestimmungen auch berechtigt sind, die in Zusammenhang mit den abgetretenen Forderungen stehenden Daten zu speichern, zu verarbeiten oder zu nutzen und Ausk\u00fcnfte der SCHUFA Holding AG in Wiesbaden einzuholen. <\/span><br \/>\n<span style=\"font-family: comic sans ms, sans-serif;\">Mail: info@meridiem-finanz.de <\/span><br \/>\n<span style=\"font-family: comic sans ms, sans-serif;\">Tel: 06331 53 18 65 2<\/span><br \/>\n<span style=\"font-family: comic sans ms, sans-serif;\">Dem Vertragspartner ist bekannt, dass Zahlungen ausschlie\u00dflich auf das auf den Rechnungen angegebene Zahlungskonto zu leisten sind.<\/span><\/p>\n<p><span style=\"font-family: comic sans ms, sans-serif;\"><strong><br \/>\n4. Umgang mit Daten<\/strong><\/span><\/p>\n<p><span style=\"font-family: comic sans ms, sans-serif;\">Tobias M\u00f6ller (PC Service aus Schaumburg) verpflichtet sich, die Kundendaten nicht an Dritte weiterzugeben, mit Ausnahme von Personen, die direkt an der Leistungserstellung beteiligt sind. Der Kunde stellt Tobias M\u00f6ller (PC Service aus Schaumburg) von jeglicher Haftung f\u00fcr den Inhalt \u00fcbermittelter Daten gegen\u00fcber Dritten frei. Tobias M\u00f6ller (PC Service aus Schaumburg) wird erm\u00e4chtigt, Kundendaten, welche z.B. zur \u00dcbermittlung an Suchdienste bereitgestellt werden im Sinne des Kunden zu modifizieren. Tobias M\u00f6ller (PC Service aus Schaumburg) haftet nicht f\u00fcr h\u00f6here Gewalt und bei Verlust der Daten. Der Kunde ist daf\u00fcr verantwortlich seine Daten vor Auftragsbeginn zu sichern.<\/span><\/p>\n<p><span style=\"font-family: comic sans ms, sans-serif;\"><strong><br \/>\n5. Erf\u00fcllungsort<\/strong><\/span><\/p>\n<p><span style=\"font-family: comic sans ms, sans-serif;\">Erf\u00fcllungsort und Gerichtsstand ist die Stadt B\u00fcckeburg. Es gilt das Recht der Bundesrepublik Deutschland.<\/span><\/p>\n<p><span style=\"font-family: comic sans ms, sans-serif;\"><strong><br \/>\n6. Haftung bei IT-Serviceleistungen <\/strong><\/span><\/p>\n<p><span style=\"font-family: comic sans ms, sans-serif;\">Grundlage f\u00fcr IT-Serviceleistungen ist das vom Kunden unterzeichnete Auftragsformular, das Art und Umfang des Service ggf. auch Maximalkosten enth\u00e4lt. Wird ein spezielles Angebot erstellt, so ist dieses vom Kunden auf Richtigkeit und Vollst\u00e4ndigkeit zu \u00fcberpr\u00fcfen. Wird ein Hardware-Defekt festgestellt, so sind die vereinbarten Kosten f\u00fcr die Fehlersuche vom Kunden zu bezahlen. Dies gilt auch f\u00fcr den Fall, dass eine anschlie\u00dfende Reparatur nicht m\u00f6glich oder vom Auftraggeber nicht gew\u00fcnscht wird.<\/span><\/p>\n<p><span style=\"font-family: comic sans ms, sans-serif;\"><strong><br \/>\n7. Haftungsausschluss<\/strong><\/span><\/p>\n<p><span style=\"font-family: comic sans ms, sans-serif;\">Der Kunde stellt Tobias M\u00f6ller (PC Service aus Schaumburg) von jeglicher Haftung f\u00fcr den Inhalt der \u00fcbermittelten Daten frei. Davon ausgenommen sind grobe Fahrl\u00e4ssigkeit oder Handlung mit Vorsatz. Grunds\u00e4tzlich ist ein Schadensersatzanspruch bis auf die H\u00f6he des Auftragswertes begrenzt.<\/span><\/p>\n<p><span style=\"font-family: comic sans ms, sans-serif;\"><strong><br \/>\n8. Preise<\/strong><\/span><\/p>\n<p><span style=\"font-family: comic sans ms, sans-serif;\">Alle Preise verstehen sich in Euro. Es gelten die Preise an dem Tage des Vertragsabschlusses. Bei Ver\u00f6ffentlichung neuer Preise werden alte Preise ung\u00fcltig.<\/span><\/p>\n<p><span style=\"font-family: comic sans ms, sans-serif;\"><strong><br \/>\n9. Gewerbliche Schutzrechte und Urheberrechte Dritter<\/strong><\/span><\/p>\n<p><span style=\"font-family: comic sans ms, sans-serif;\">Der Kunde versichert, dass alle zur Bearbeitung bereitgestellten Daten frei von Rechten Dritter sind und nicht gegen Urheber-, Datenschutz- und Wettbewerbsrecht versto\u00dfen. Der Kunde hat Tobias M\u00f6ller (PC Service aus Schaumburg) von allen gegen ihn aus diesem Grund erhobenen Anspr\u00fcchen unverz\u00fcglich in Kenntnis zu setzten. Sollte dies nicht der Fall sein kann das zur Aussetzung des Auftrages f\u00fchren. Es besteht keine Pr\u00fcfungspflicht seitens Tobias M\u00f6ller (PC Service aus Schaumburg). Entstehende Kosten durch \u00a0Nichteinhaltung tr\u00e4gt der Kunde. Tobias M\u00f6ller (PC Service aus Schaumburg) \u00fcbernimmt keine Haftung f\u00fcr fehlende Softwarelizenzen.<\/span><\/p>\n<p><span style=\"font-family: comic sans ms, sans-serif;\"><strong><br \/>\n10. Reparaturarbeiten<\/strong><\/span><\/p>\n<p><span style=\"font-family: comic sans ms, sans-serif;\">10.1 Termine f\u00fcr Reparaturarbeiten werden ausschlie\u00dflich unverbindlich vergeben, da Sie je nach Fehlerumfang und Verf\u00fcgbarkeit der Ersatzteile\u00a0 Schwankungen unterliegen k\u00f6nnen.<\/span><\/p>\n<p><span style=\"font-family: comic sans ms, sans-serif;\">10.2 Jede Reparatur und auch jeder Kostenvoranschlag bedeutet einen Eingriff in den Reparaturgegenstand. Daher ist es nicht in jedem Fall m\u00f6glich, den Zustand wieder so herzustellen, wie er vor dem Eingriff geherrscht hat. Der Kunde hat daher kein generelles Recht auf Wiederherstellung des Originalzustandes.<\/span><\/p>\n<p><span style=\"font-family: comic sans ms, sans-serif;\">10.3 Getauschte Teile gehen, wenn nicht bei Auftragserteilung schriftlich anders vereinbart, in das Eigentum von Tobias M\u00f6ller (PC Service aus Schaumburg) \u00fcber oder werden entsorgt.<\/span><\/p>\n<p><span style=\"font-family: comic sans ms, sans-serif;\">10.4 Tobias M\u00f6ller (PC Service aus Schaumburg) ist grunds\u00e4tzlich berechtigt Subunternehmer in die Auftragserf\u00fcllung mit einzubinden.<\/span><\/p>\n<p><span style=\"font-family: comic sans ms, sans-serif;\"><strong><br \/>\n11. Schadenersatzanspr\u00fcche<\/strong><\/span><\/p>\n<p><span style=\"font-family: comic sans ms, sans-serif;\">Anspr\u00fcche, die aus Fehlern der Optimierungsdaten entstehen, sind nicht geltend. F\u00fcr Fehler, die der Kunde nach Zusendung der Optimierungsdaten h\u00e4tte erkennen k\u00f6nnen, wird keine Haftung \u00fcbernommen. Der Kunde ist verpflichtet, alle von Tobias M\u00f6ller (PC Service aus Schaumburg) an Ihn \u00fcbermittelte Daten auf Richtigkeit und Vollst\u00e4ndigkeit zu \u00fcberpr\u00fcfen. M\u00f6gliche Fehler sind sofort bei Tobias M\u00f6ller (PC Service aus Schaumburg) anzuzeigen. Von etwaigen Schadensersatzanspr\u00fcchen wird Tobias M\u00f6ller (PC Service aus Schaumburg) ausdr\u00fccklich befreit.<\/span><\/p>\n<p><span style=\"font-family: comic sans ms, sans-serif;\"><strong><br \/>\n12. Vertragsdauer, K\u00fcndigung<\/strong><\/span><\/p>\n<p><span style=\"font-family: comic sans ms, sans-serif;\">Tobias M\u00f6ller beh\u00e4lt sich das Recht vor, Auftr\u00e4ge, welche nicht ausf\u00fchrbar sind und welche nicht im Sinne des Kunden w\u00e4ren, abzulehnen. Bei vorzeitiger K\u00fcndigung des Vertrages durch den Kunden ist dieser verpflichtet, alle bereits vorgenommenen Leistungen zu begleichen.<\/span><\/p>\n<p><span style=\"font-family: comic sans ms, sans-serif;\"><strong>Helpsen, 22.07.2014 Tobias M\u00f6ller, PC Service aus Schaumburg<\/strong><\/span><\/p>\n<p><span style=\"font-family: comic sans ms, sans-serif;\"><a href=\"http:\/\/www.qype.com\/place\/2577694-Computerservice-Beratung-Hannover\"><br \/>\n<\/a><\/span><br \/>\n<span style=\"font-family: comic sans ms, sans-serif;\">Tobias M\u00f6ller \u2013 PC Service aus Schaumburg | Riepacker Str. 19 | 31691 Helpsen | Tel.: +49 (0) 5724-98449 | Handy.: +49 (0) 171-5318613 | email: pc-service-aus-schaumburg@t-online.de<\/span><br \/>\n<span style=\"font-family: comic sans ms, sans-serif;\"><a href=\"http:\/\/www.pc-service-aus-schaumburg.de\/index.php\/impressum\/\"><span style=\"color: #808080;\">Impressum<\/span><\/a> | Copyright 2014 www.pc-service-aus-schaumburg.de | Kein Ladengesch\u00e4ft!<\/span><\/p>\n<p><span style=\"font-family: comic sans ms, sans-serif;\">Hier k\u00f6nnen Sie meine <strong>Allgemeine Gesch\u00e4ftsbedingungen (AGB) <\/strong>als .pdf-Dokument herunterladen.<\/span><\/p>\n<p><span style=\"font-family: comic sans ms, sans-serif;\"><div class=\"sdm_download_button_box_default\"><div class=\"sdm_download_link\"><a href=\"https:\/\/www.pc-service-aus-schaumburg.de\/?sdm_process_download=1&download_id=3370\" class=\"sdm_download darkblue\" title=\"Allgemeine Gesch\u00e4ftsbedingungen (AGB)\" >Jetzt herunterladen!<\/a><\/div><\/div><\/span><\/p>\n<p><span style=\"font-family: comic sans ms, sans-serif;\"><div class=\"sdm_download_count\"><span class=\"sdm_count_number\">1120<\/span><span class=\"sdm_count_string\"> Downloads<\/span><\/div><\/span><\/p>\n","protected":false},"excerpt":{"rendered":"<p>Allgemeine Gesch\u00e4ftsbedingungen (AGB) &nbsp; 1. Allgemeines Sollten einzelne Punkte dieser AGB nicht rechtskr\u00e4ftig sein, so gelten weiterhin alle anderen Punkte ohne Einschr\u00e4nkung. Unwirksame Vertragsbestandteile werden durch solche ersetzt, die den Sinn der unwirksamen Bestandteile wiedergeben und nach geltendem Recht zul\u00e4ssig sind. In den nachfolgenden Abschnitten aufgef\u00fchrte Gesch\u00e4ftsbedingungen sind Bestandteil aller Vertr\u00e4ge mit Tobias M\u00f6ller (PC [&hellip;]<\/p>\n","protected":false},"author":1,"featured_media":0,"parent":0,"menu_order":0,"comment_status":"closed","ping_status":"closed","template":"","meta":{"footnotes":""},"class_list":["post-23","page","type-page","status-publish","hentry"],"yoast_head":"<!-- This site is optimized with the Yoast SEO plugin v27.5 - https:\/\/yoast.com\/product\/yoast-seo-wordpress\/ -->\n<title>AGB - PC Service aus Schaumburg<\/title>\n<meta name=\"robots\" content=\"index, follow, max-snippet:-1, max-image-preview:large, max-video-preview:-1\" \/>\n<link rel=\"canonical\" href=\"https:\/\/www.pc-service-aus-schaumburg.de\/index.php\/agb\/\" \/>\n<meta property=\"og:locale\" content=\"de_DE\" \/>\n<meta property=\"og:type\" content=\"article\" \/>\n<meta property=\"og:title\" content=\"AGB - PC Service aus Schaumburg\" \/>\n<meta property=\"og:description\" content=\"Allgemeine Gesch\u00e4ftsbedingungen (AGB) &nbsp; 1. Allgemeines Sollten einzelne Punkte dieser AGB nicht rechtskr\u00e4ftig sein, so gelten weiterhin alle anderen Punkte ohne Einschr\u00e4nkung. Unwirksame Vertragsbestandteile werden durch solche ersetzt, die den Sinn der unwirksamen Bestandteile wiedergeben und nach geltendem Recht zul\u00e4ssig sind. In den nachfolgenden Abschnitten aufgef\u00fchrte Gesch\u00e4ftsbedingungen sind Bestandteil aller Vertr\u00e4ge mit Tobias M\u00f6ller (PC [&hellip;]\" \/>\n<meta property=\"og:url\" content=\"https:\/\/www.pc-service-aus-schaumburg.de\/index.php\/agb\/\" \/>\n<meta property=\"og:site_name\" content=\"PC Service aus Schaumburg\" \/>\n<meta property=\"article:publisher\" content=\"https:\/\/www.facebook.com\/pc.service.aus.schaumburg\" \/>\n<meta property=\"article:modified_time\" content=\"2022-04-09T11:27:46+00:00\" \/>\n<meta name=\"twitter:card\" content=\"summary_large_image\" \/>\n<meta name=\"twitter:label1\" content=\"Gesch\u00e4tzte Lesezeit\" \/>\n\t<meta name=\"twitter:data1\" content=\"7\u00a0Minuten\" \/>\n<script type=\"application\/ld+json\" class=\"yoast-schema-graph\">{\"@context\":\"https:\\\/\\\/schema.org\",\"@graph\":[{\"@type\":\"WebPage\",\"@id\":\"https:\\\/\\\/www.pc-service-aus-schaumburg.de\\\/index.php\\\/agb\\\/\",\"url\":\"https:\\\/\\\/www.pc-service-aus-schaumburg.de\\\/index.php\\\/agb\\\/\",\"name\":\"AGB - PC Service aus Schaumburg\",\"isPartOf\":{\"@id\":\"https:\\\/\\\/www.pc-service-aus-schaumburg.de\\\/#website\"},\"datePublished\":\"2017-01-07T12:17:06+00:00\",\"dateModified\":\"2022-04-09T11:27:46+00:00\",\"breadcrumb\":{\"@id\":\"https:\\\/\\\/www.pc-service-aus-schaumburg.de\\\/index.php\\\/agb\\\/#breadcrumb\"},\"inLanguage\":\"de\",\"potentialAction\":[{\"@type\":\"ReadAction\",\"target\":[\"https:\\\/\\\/www.pc-service-aus-schaumburg.de\\\/index.php\\\/agb\\\/\"]}]},{\"@type\":\"BreadcrumbList\",\"@id\":\"https:\\\/\\\/www.pc-service-aus-schaumburg.de\\\/index.php\\\/agb\\\/#breadcrumb\",\"itemListElement\":[{\"@type\":\"ListItem\",\"position\":1,\"name\":\"Startseite\",\"item\":\"https:\\\/\\\/www.pc-service-aus-schaumburg.de\\\/\"},{\"@type\":\"ListItem\",\"position\":2,\"name\":\"AGB\"}]},{\"@type\":\"WebSite\",\"@id\":\"https:\\\/\\\/www.pc-service-aus-schaumburg.de\\\/#website\",\"url\":\"https:\\\/\\\/www.pc-service-aus-schaumburg.de\\\/\",\"name\":\"PC Service aus Schaumburg\",\"description\":\"\",\"publisher\":{\"@id\":\"https:\\\/\\\/www.pc-service-aus-schaumburg.de\\\/#organization\"},\"potentialAction\":[{\"@type\":\"SearchAction\",\"target\":{\"@type\":\"EntryPoint\",\"urlTemplate\":\"https:\\\/\\\/www.pc-service-aus-schaumburg.de\\\/?s={search_term_string}\"},\"query-input\":{\"@type\":\"PropertyValueSpecification\",\"valueRequired\":true,\"valueName\":\"search_term_string\"}}],\"inLanguage\":\"de\"},{\"@type\":\"Organization\",\"@id\":\"https:\\\/\\\/www.pc-service-aus-schaumburg.de\\\/#organization\",\"name\":\"PC Service aus Schaumburg\",\"url\":\"https:\\\/\\\/www.pc-service-aus-schaumburg.de\\\/\",\"logo\":{\"@type\":\"ImageObject\",\"inLanguage\":\"de\",\"@id\":\"https:\\\/\\\/www.pc-service-aus-schaumburg.de\\\/#\\\/schema\\\/logo\\\/image\\\/\",\"url\":\"https:\\\/\\\/www.pc-service-aus-schaumburg.de\\\/wp-content\\\/uploads\\\/2017\\\/01\\\/Logo.png\",\"contentUrl\":\"https:\\\/\\\/www.pc-service-aus-schaumburg.de\\\/wp-content\\\/uploads\\\/2017\\\/01\\\/Logo.png\",\"width\":200,\"height\":200,\"caption\":\"PC Service aus Schaumburg\"},\"image\":{\"@id\":\"https:\\\/\\\/www.pc-service-aus-schaumburg.de\\\/#\\\/schema\\\/logo\\\/image\\\/\"},\"sameAs\":[\"https:\\\/\\\/www.facebook.com\\\/pc.service.aus.schaumburg\"]}]}<\/script>\n<!-- \/ Yoast SEO plugin. -->","yoast_head_json":{"title":"AGB - PC Service aus Schaumburg","robots":{"index":"index","follow":"follow","max-snippet":"max-snippet:-1","max-image-preview":"max-image-preview:large","max-video-preview":"max-video-preview:-1"},"canonical":"https:\/\/www.pc-service-aus-schaumburg.de\/index.php\/agb\/","og_locale":"de_DE","og_type":"article","og_title":"AGB - PC Service aus Schaumburg","og_description":"Allgemeine Gesch\u00e4ftsbedingungen (AGB) &nbsp; 1. Allgemeines Sollten einzelne Punkte dieser AGB nicht rechtskr\u00e4ftig sein, so gelten weiterhin alle anderen Punkte ohne Einschr\u00e4nkung. Unwirksame Vertragsbestandteile werden durch solche ersetzt, die den Sinn der unwirksamen Bestandteile wiedergeben und nach geltendem Recht zul\u00e4ssig sind. In den nachfolgenden Abschnitten aufgef\u00fchrte Gesch\u00e4ftsbedingungen sind Bestandteil aller Vertr\u00e4ge mit Tobias M\u00f6ller (PC [&hellip;]","og_url":"https:\/\/www.pc-service-aus-schaumburg.de\/index.php\/agb\/","og_site_name":"PC Service aus Schaumburg","article_publisher":"https:\/\/www.facebook.com\/pc.service.aus.schaumburg","article_modified_time":"2022-04-09T11:27:46+00:00","twitter_card":"summary_large_image","twitter_misc":{"Gesch\u00e4tzte Lesezeit":"7\u00a0Minuten"},"schema":{"@context":"https:\/\/schema.org","@graph":[{"@type":"WebPage","@id":"https:\/\/www.pc-service-aus-schaumburg.de\/index.php\/agb\/","url":"https:\/\/www.pc-service-aus-schaumburg.de\/index.php\/agb\/","name":"AGB - PC Service aus Schaumburg","isPartOf":{"@id":"https:\/\/www.pc-service-aus-schaumburg.de\/#website"},"datePublished":"2017-01-07T12:17:06+00:00","dateModified":"2022-04-09T11:27:46+00:00","breadcrumb":{"@id":"https:\/\/www.pc-service-aus-schaumburg.de\/index.php\/agb\/#breadcrumb"},"inLanguage":"de","potentialAction":[{"@type":"ReadAction","target":["https:\/\/www.pc-service-aus-schaumburg.de\/index.php\/agb\/"]}]},{"@type":"BreadcrumbList","@id":"https:\/\/www.pc-service-aus-schaumburg.de\/index.php\/agb\/#breadcrumb","itemListElement":[{"@type":"ListItem","position":1,"name":"Startseite","item":"https:\/\/www.pc-service-aus-schaumburg.de\/"},{"@type":"ListItem","position":2,"name":"AGB"}]},{"@type":"WebSite","@id":"https:\/\/www.pc-service-aus-schaumburg.de\/#website","url":"https:\/\/www.pc-service-aus-schaumburg.de\/","name":"PC Service aus Schaumburg","description":"","publisher":{"@id":"https:\/\/www.pc-service-aus-schaumburg.de\/#organization"},"potentialAction":[{"@type":"SearchAction","target":{"@type":"EntryPoint","urlTemplate":"https:\/\/www.pc-service-aus-schaumburg.de\/?s={search_term_string}"},"query-input":{"@type":"PropertyValueSpecification","valueRequired":true,"valueName":"search_term_string"}}],"inLanguage":"de"},{"@type":"Organization","@id":"https:\/\/www.pc-service-aus-schaumburg.de\/#organization","name":"PC Service aus Schaumburg","url":"https:\/\/www.pc-service-aus-schaumburg.de\/","logo":{"@type":"ImageObject","inLanguage":"de","@id":"https:\/\/www.pc-service-aus-schaumburg.de\/#\/schema\/logo\/image\/","url":"https:\/\/www.pc-service-aus-schaumburg.de\/wp-content\/uploads\/2017\/01\/Logo.png","contentUrl":"https:\/\/www.pc-service-aus-schaumburg.de\/wp-content\/uploads\/2017\/01\/Logo.png","width":200,"height":200,"caption":"PC Service aus Schaumburg"},"image":{"@id":"https:\/\/www.pc-service-aus-schaumburg.de\/#\/schema\/logo\/image\/"},"sameAs":["https:\/\/www.facebook.com\/pc.service.aus.schaumburg"]}]}},"publishpress_future_action":{"enabled":false,"date":"2026-05-06 09:23:57","action":"change-status","newStatus":"draft","terms":[],"taxonomy":"","extraData":[]},"publishpress_future_workflow_manual_trigger":{"enabledWorkflows":[]},"_links":{"self":[{"href":"https:\/\/www.pc-service-aus-schaumburg.de\/index.php\/wp-json\/wp\/v2\/pages\/23","targetHints":{"allow":["GET"]}}],"collection":[{"href":"https:\/\/www.pc-service-aus-schaumburg.de\/index.php\/wp-json\/wp\/v2\/pages"}],"about":[{"href":"https:\/\/www.pc-service-aus-schaumburg.de\/index.php\/wp-json\/wp\/v2\/types\/page"}],"author":[{"embeddable":true,"href":"https:\/\/www.pc-service-aus-schaumburg.de\/index.php\/wp-json\/wp\/v2\/users\/1"}],"replies":[{"embeddable":true,"href":"https:\/\/www.pc-service-aus-schaumburg.de\/index.php\/wp-json\/wp\/v2\/comments?post=23"}],"version-history":[{"count":0,"href":"https:\/\/www.pc-service-aus-schaumburg.de\/index.php\/wp-json\/wp\/v2\/pages\/23\/revisions"}],"wp:attachment":[{"href":"https:\/\/www.pc-service-aus-schaumburg.de\/index.php\/wp-json\/wp\/v2\/media?parent=23"}],"curies":[{"name":"wp","href":"https:\/\/api.w.org\/{rel}","templated":true}]}}