{"id":3261,"date":"2017-11-29T17:33:06","date_gmt":"2017-11-29T16:33:06","guid":{"rendered":"http:\/\/www.pc-service-aus-schaumburg.de\/?page_id=3261"},"modified":"2020-05-12T14:01:03","modified_gmt":"2020-05-12T12:01:03","slug":"smart-home","status":"publish","type":"page","link":"https:\/\/www.pc-service-aus-schaumburg.de\/index.php\/smart-home\/","title":{"rendered":"SMART HOME"},"content":{"rendered":"<p style=\"text-align: center;\"><span style=\"font-size: 14pt; font-family: comic sans ms, sans-serif;\"><strong>Auf diesem Bereich meiner Internetpr\u00e4senz soll es um das Thema<\/strong><\/span><\/p>\n<p style=\"text-align: center;\"><span style=\"font-size: 14pt; font-family: comic sans ms, sans-serif;\"><strong><span style=\"font-size: 18pt;\"> Smart Home<\/span> <\/strong><\/span><\/p>\n<p style=\"text-align: center;\"><span style=\"font-size: 14pt; font-family: comic sans ms, sans-serif;\"><strong>gehen<\/strong><\/span><\/p>\n<p style=\"text-align: center;\"><span style=\"font-family: comic sans ms, sans-serif;\">Hier sollen die nachfolgend aufgef\u00fchrten Punkte meinen vorhandenen Kunden bzw. potentiellen Neukunden erl\u00e4utert werden.<\/span><\/p>\n<p><span style=\"font-family: comic sans ms, sans-serif;\"><strong>Smart Home \u2013 Was ist das und wie funktioniert es?<\/strong><\/span><\/p>\n<p><span style=\"font-family: comic sans ms, sans-serif;\">Der Begriff Smart Home oder intelligentes Wohnen ist immer mehr Menschen ein Begriff und gerade f\u00fcr Hausbauer oder Altbausanierer ein interessantes Thema. Aber was genau ist das eigentlich? Wie funktioniert das Ganze und\u00a0was brauche ich alles um mein Haus \u201eintelligent\u201c zu machen? Dieser Artikel soll auf diese Fragen detaillierter eingehen und sich etwas intensiver mit dem Begriff Smarthome besch\u00e4ftigen.<\/span><\/p>\n<p><span style=\"font-family: comic sans ms, sans-serif;\"><strong>Was versteht man unter einem Smart Home?<\/strong><\/span><\/p>\n<p><span style=\"font-family: comic sans ms, sans-serif;\">Der Trend bzw. die Entwicklung am Markt zeigt ganz klar: Smart Home ist stark im Kommen. Immer mehr Menschen sprechen von einem vernetzten, intelligenten Zuhause. Dabei sind der Phantasie mittlerweile keine Grenzen mehr gesetzt: verschiedene Lichtszenen schalten, Haust\u00fcr \u00fcberwachen, Rollladen hochfahren, Musik in verschiedene R\u00e4ume streamen \u2013 und das alles auch per Smartphone. Auch immer mehr Haushaltsger\u00e4te werden WLAN f\u00e4hig und k\u00f6nnen sich so mit der Haustechnik vernetzen und lassen sich von unterwegs mobil steuern. Die Waschmaschine z.B. meldet per SMS\u00a0das die W\u00e4sche fertig ist \u2013 heutzutage kein Problem mehr.<\/span><\/p>\n<p><span style=\"font-family: comic sans ms, sans-serif;\">Von einem Smart Home spricht man also,\u00a0wenn s\u00e4mtliche im Haus verwendeten Leuchten, Taster und Ger\u00e4te untereinander vernetzt sind. Dabei besitzt das Smart Home eine eigene Programmierschnittstelle (Zentrale), die (auch) per Internet angesprochen und \u00fcber erweiterbare Apps gesteuert werden kann.<\/span><\/p>\n<p><span style=\"font-family: comic sans ms, sans-serif;\"><strong>Wie funktioniert das ganze?<\/strong><\/span><\/p>\n<p><span style=\"font-family: comic sans ms, sans-serif;\">Heutzutage besteht ein Smarthome aus mehreren unterschiedlichen Komponenten. Einfach erkl\u00e4rt funktioniert ein Smarthome nach dem <strong>E-V-A<\/strong>-Prinzip. Das heist <strong>E<\/strong>ingabe, <strong>V<\/strong>erarbeitung, <strong>A<\/strong>usgabe. Unter der Eingabe versteht man z.B. alle Taster oder Sensoren mit dem man etwas Schalten und Messen kann.<\/span><\/p>\n<p><span style=\"font-family: comic sans ms, sans-serif;\">Die Verarbeitung (also die Steuereinheit) ist die Einheit, wo alle Sensoren\u00a0(wie Taster, Temperatursensoren, Pr\u00e4senzmelder, <u><a href=\"http:\/\/www.amazon.de\/gp\/product\/B0058U37TS\/ref=as_li_ss_tl?ie=UTF8&amp;camp=1638&amp;creative=19454&amp;creativeASIN=B0058U37TS&amp;linkCode=as2&amp;tag=smahomsys-21\"><span style=\"color: #000000;\">Bewegungsmelder<\/span><\/a><\/u><span style=\"color: #000000;\">*<\/span> etc.) angeschlossen werden und mit Funktionen verkn\u00fcpft werden. Hier findet ihr das Herzst\u00fcck eines Smart-Home-Systems, meistens in Form einer Basisstation, Miniservers oder Gateway\u00a0\u2013 so haucht ihr eurem System leben ein.<\/span><\/p>\n<p><span style=\"font-family: comic sans ms, sans-serif;\">Zum Schluss gibt es dann noch die Ausgabe oder auch die Aktoren, die die verarbeiteten Signale schalten. Das kann eine Lampe sein, ein Rollladenaktor, ein elektrischer T\u00fcr\u00f6ffner etc.<\/span><\/p>\n<p><span style=\"font-family: comic sans ms, sans-serif;\">Das \u201eintelligente Wohnen\u201c bietet also L\u00f6sungen im privaten Wohnbereich, die mehr Energieeffizienz, Komfort und Sicherheit schaffen. Mit Hilfe von verschiedenen Bussystemen (Kabel, Powerline oder Funk) werden Haustechnik, Haushaltsger\u00e4te und Multimediasysteme so miteinander vernetzt, dass diese besser und wirtschaftlicher miteinander betrieben werden.<\/span><\/p>\n<p><span style=\"font-family: comic sans ms, sans-serif;\"><strong>Kommunikation\u00a0per BUS-Kabel oder Funk<\/strong><\/span><\/p>\n<p><span style=\"font-family: comic sans ms, sans-serif;\">Damit ein Taster f\u00fcr eine Lichtszene oder ein Temperatursensor mit einem Aktor\u00a0kommunizieren kann, ben\u00f6tigt man ein Medium f\u00fcr die Daten\u00fcbertragung. Das kann in einem neuen Haus komplett mit der elektrischen Verdrahtung (BUS-Kabel, <u><a href=\"https:\/\/smart-home-systeme.com\/allgemein\/cat-7-kabel-im-smart-home\"><span style=\"color: #000000;\">CAT 7 Kabel<\/span><\/a><\/u>) \u00fcbermittelt werden\u00a0oder, vor allem f\u00fcr Nachr\u00fcster interessant, per Funk.<\/span><\/p>\n<p><span style=\"font-family: comic sans ms, sans-serif;\">Bei einem Neubau sollte man sich\u00a0gut\u00a0\u00dcberlegen, was man alles steuern und schalten m\u00f6chte. Von daher ist eine <u><a href=\"https:\/\/smart-home-systeme.com\/allgemein\/elektroplanung-elektroinstallation\">gr\u00fcndliche Planung<\/a><\/u> zwingend notwendig.<\/span><\/p>\n<p><span style=\"font-family: comic sans ms, sans-serif;\">Hier findet ihr Tipps f\u00fcr die Elektroinstallation:\u00a0<u><a href=\"https:\/\/www.pc-service-aus-schaumburg.de\/index.php\/smart-home-mit-d\u2026n-elektroplanung\/\"><span style=\"color: #000000;\">Mit den folgenden 6 Tipps zur richtigen Elektroplanung<\/span><\/a><\/u><\/span><\/p>\n<p><span style=\"font-family: comic sans ms, sans-serif;\">Modernisierer haben meist eine konventionelle Verdrahtung und m\u00fcssen auf andere Systeme ausweichen. Hier bieten sich die verschiedene Funksysteme diverser Hersteller an. Damit l\u00e4sst sich auch ein altes Haus mit einer gewissen Intelligenz versehen.<\/span><\/p>\n<p><span style=\"font-family: comic sans ms, sans-serif;\"><strong>Die Funktionen eines Smart Home<\/strong><\/span><\/p>\n<p><span style=\"font-family: comic sans ms, sans-serif;\">Ein\u00a0Smart Home l\u00e4sst sich grunds\u00e4tzlich in\u00a0verschiedene Funktionen\u00a0einteilen: Komfort, Energie sparen und Sicherheit<\/span><\/p>\n<p><span style=\"font-family: comic sans ms, sans-serif;\"><strong>Komfort<\/strong><\/span><\/p>\n<p><span style=\"font-family: comic sans ms, sans-serif;\">Mit einem Smart Home lassen sich von K\u00fcchenger\u00e4ten \u00fcber das Garagentor bis zu den Rolll\u00e4den alle Ger\u00e4te komfortabel \u00fcber eine zentrale Steuerung bedienen. Computer, Tablet oder Smartphone erm\u00f6glichen die bequeme Bedienung von daheim, aber auch von unterwegs. Ein Blick auf das Smartphone zeigt,\u00a0ob Herd und Heizung abgeschaltet\u00a0sind oder ob grade der Postbote klingelt.<\/span><\/p>\n<p><span style=\"font-family: comic sans ms, sans-serif;\">Die Musik\u00a0einschalten? Die Stimmungsbeleuchtung dimmen? Heizung hochfahren wenn ich von der Arbeit komme? Mit einem intelligenten Haus ist das kein Problem!<\/span><\/p>\n<p><span style=\"font-family: comic sans ms, sans-serif;\"><strong>Energie sparen<\/strong><\/span><\/p>\n<p><span style=\"font-family: comic sans ms, sans-serif;\">Energiesparpotenziale erkennen, Sonnenenergie optimal nutzen, Standby-Ger\u00e4te automatisch stromlos schalten \u2013 Mit einem Smart Home kannst Du den Energieverbrauch senken. Egal ob Heizung, Licht oder L\u00fcftung: Du steuerst alle Ger\u00e4te zentral. So f\u00e4hrt\u00a0zum Beispiel die Fu\u00dfbodenheizung automatisch runter, wenn der Ofen an ist und eine gewisse Raumtemperatur herrscht. Wenn Du das Haus verl\u00e4sst, schalten sich nach einiger Zeit alle Lichter aus oder wenn Du den \u201eGute-Nacht-Schalter\u201c bet\u00e4tigst und werden alle Verbraucher vom Stromnetz getrennt.<\/span><\/p>\n<p><span style=\"font-family: comic sans ms, sans-serif;\"><strong>Sicherheit<\/strong><\/span><\/p>\n<p><span style=\"font-family: comic sans ms, sans-serif;\">Ist man l\u00e4nger nicht zu Hause, sorgt das Smart Home f\u00fcr Sicherheit und schreckt zum Beispiel\u00a0ungebetene G\u00e4ste ab.\u00a0Man kann Zeiten programmieren an denen das Licht automatisch an geht oder die Rolll\u00e4den hoch und runter.\u00a0\u2013 fast so, als w\u00e4re jemand zu Hause. Der Bewegungsmelder erkennt Personen und schaltet die Musik mit voller Lautst\u00e4rke an oder aktiviert eine Kamera, die das Bild automatisch an dein Smartphone streamt.<\/span><\/p>\n<p><span style=\"font-family: comic sans ms, sans-serif;\">Der <u><a href=\"http:\/\/amzn.to\/2dXoVA3\"><span style=\"color: #000000;\">Fensterkontakt<\/span><\/a><\/u><span style=\"color: #000000;\">*<\/span> erkennt sofort wenn das Fenster ungew\u00fcnscht ge\u00f6ffnet wird und aktiviert die Alarmanlage. Ein intelligente <u><a href=\"http:\/\/amzn.to\/2dXqQ7L\"><span style=\"color: #000000;\">Rauchmelder<\/span><\/a><\/u>* hingegen erkennt Rauchentwicklung im Haus und\u00a0schickt ebenfalls eine Notfall-Nachricht an dein Handy oder sogar direkt an die Leitstelle.<\/span><\/p>\n<p><span style=\"font-family: comic sans ms, sans-serif;\"><strong>Wie \u201esmart\u201c darf es sein?<\/strong><\/span><\/p>\n<p><span style=\"font-family: comic sans ms, sans-serif;\">Als Bauherr sollte man im groben\u00a0wissen, was man von seinem Smart Home\u00a0erwartet und wie viel man ausgeben will. Da sollte auch schon zu Beginn der <u><a href=\"https:\/\/smart-home-systeme.com\/allgemein\/elektroplanung-elektroinstallation\"><span style=\"color: #000000;\">Planungsphase<\/span><\/a><\/u> ein Experte mit ins Boot geholt werden. Im Internet kann man die\u00a0Adressen solcher Fachkr\u00e4fte finden und die Ansprechpartner vor Ort sind Elektrofachbetriebe mit einer entsprechenden Zusatzqualifikation.<\/span><\/p>\n<p><span style=\"color: #000000; font-family: comic sans ms, sans-serif;\"><a style=\"color: #000000;\" href=\"http:\/\/www.pc-service-aus-schaumburg.de\/index.php\/smart-home\/smarthome-schaumburg\/\"><span style=\"text-decoration: underline;\"><strong>Weiter zu meinem Produktangebot<\/strong><\/span><\/a><\/span><\/p>\n","protected":false},"excerpt":{"rendered":"<p>Auf diesem Bereich meiner Internetpr\u00e4senz soll es um das Thema Smart Home gehen Hier sollen die nachfolgend aufgef\u00fchrten Punkte meinen vorhandenen Kunden bzw. potentiellen Neukunden erl\u00e4utert werden. Smart Home \u2013 Was ist das und wie funktioniert es? Der Begriff Smart Home oder intelligentes Wohnen ist immer mehr Menschen ein Begriff und gerade f\u00fcr Hausbauer oder [&hellip;]<\/p>\n","protected":false},"author":1,"featured_media":0,"parent":0,"menu_order":0,"comment_status":"closed","ping_status":"closed","template":"","meta":{"footnotes":""},"class_list":["post-3261","page","type-page","status-publish","hentry"],"yoast_head":"<!-- This site is optimized with the Yoast SEO plugin v27.4 - https:\/\/yoast.com\/product\/yoast-seo-wordpress\/ -->\n<title>SMART HOME - PC Service aus Schaumburg<\/title>\n<meta name=\"robots\" content=\"index, follow, max-snippet:-1, max-image-preview:large, max-video-preview:-1\" \/>\n<link rel=\"canonical\" href=\"https:\/\/www.pc-service-aus-schaumburg.de\/index.php\/smart-home\/\" \/>\n<meta property=\"og:locale\" content=\"de_DE\" \/>\n<meta property=\"og:type\" content=\"article\" \/>\n<meta property=\"og:title\" content=\"SMART HOME - PC Service aus Schaumburg\" \/>\n<meta property=\"og:description\" content=\"Auf diesem Bereich meiner Internetpr\u00e4senz soll es um das Thema Smart Home gehen Hier sollen die nachfolgend aufgef\u00fchrten Punkte meinen vorhandenen Kunden bzw. potentiellen Neukunden erl\u00e4utert werden. Smart Home \u2013 Was ist das und wie funktioniert es? Der Begriff Smart Home oder intelligentes Wohnen ist immer mehr Menschen ein Begriff und gerade f\u00fcr Hausbauer oder [&hellip;]\" \/>\n<meta property=\"og:url\" content=\"https:\/\/www.pc-service-aus-schaumburg.de\/index.php\/smart-home\/\" \/>\n<meta property=\"og:site_name\" content=\"PC Service aus Schaumburg\" \/>\n<meta property=\"article:publisher\" content=\"https:\/\/www.facebook.com\/pc.service.aus.schaumburg\" \/>\n<meta property=\"article:modified_time\" content=\"2020-05-12T12:01:03+00:00\" \/>\n<meta name=\"twitter:card\" content=\"summary_large_image\" \/>\n<meta name=\"twitter:label1\" content=\"Gesch\u00e4tzte Lesezeit\" \/>\n\t<meta name=\"twitter:data1\" content=\"5\u00a0Minuten\" \/>\n<script type=\"application\/ld+json\" class=\"yoast-schema-graph\">{\"@context\":\"https:\\\/\\\/schema.org\",\"@graph\":[{\"@type\":\"WebPage\",\"@id\":\"https:\\\/\\\/www.pc-service-aus-schaumburg.de\\\/index.php\\\/smart-home\\\/\",\"url\":\"https:\\\/\\\/www.pc-service-aus-schaumburg.de\\\/index.php\\\/smart-home\\\/\",\"name\":\"SMART HOME - PC Service aus Schaumburg\",\"isPartOf\":{\"@id\":\"https:\\\/\\\/www.pc-service-aus-schaumburg.de\\\/#website\"},\"datePublished\":\"2017-11-29T16:33:06+00:00\",\"dateModified\":\"2020-05-12T12:01:03+00:00\",\"breadcrumb\":{\"@id\":\"https:\\\/\\\/www.pc-service-aus-schaumburg.de\\\/index.php\\\/smart-home\\\/#breadcrumb\"},\"inLanguage\":\"de\",\"potentialAction\":[{\"@type\":\"ReadAction\",\"target\":[\"https:\\\/\\\/www.pc-service-aus-schaumburg.de\\\/index.php\\\/smart-home\\\/\"]}]},{\"@type\":\"BreadcrumbList\",\"@id\":\"https:\\\/\\\/www.pc-service-aus-schaumburg.de\\\/index.php\\\/smart-home\\\/#breadcrumb\",\"itemListElement\":[{\"@type\":\"ListItem\",\"position\":1,\"name\":\"Startseite\",\"item\":\"https:\\\/\\\/www.pc-service-aus-schaumburg.de\\\/\"},{\"@type\":\"ListItem\",\"position\":2,\"name\":\"SMART HOME\"}]},{\"@type\":\"WebSite\",\"@id\":\"https:\\\/\\\/www.pc-service-aus-schaumburg.de\\\/#website\",\"url\":\"https:\\\/\\\/www.pc-service-aus-schaumburg.de\\\/\",\"name\":\"PC Service aus Schaumburg\",\"description\":\"\",\"publisher\":{\"@id\":\"https:\\\/\\\/www.pc-service-aus-schaumburg.de\\\/#organization\"},\"potentialAction\":[{\"@type\":\"SearchAction\",\"target\":{\"@type\":\"EntryPoint\",\"urlTemplate\":\"https:\\\/\\\/www.pc-service-aus-schaumburg.de\\\/?s={search_term_string}\"},\"query-input\":{\"@type\":\"PropertyValueSpecification\",\"valueRequired\":true,\"valueName\":\"search_term_string\"}}],\"inLanguage\":\"de\"},{\"@type\":\"Organization\",\"@id\":\"https:\\\/\\\/www.pc-service-aus-schaumburg.de\\\/#organization\",\"name\":\"PC Service aus Schaumburg\",\"url\":\"https:\\\/\\\/www.pc-service-aus-schaumburg.de\\\/\",\"logo\":{\"@type\":\"ImageObject\",\"inLanguage\":\"de\",\"@id\":\"https:\\\/\\\/www.pc-service-aus-schaumburg.de\\\/#\\\/schema\\\/logo\\\/image\\\/\",\"url\":\"https:\\\/\\\/www.pc-service-aus-schaumburg.de\\\/wp-content\\\/uploads\\\/2017\\\/01\\\/Logo.png\",\"contentUrl\":\"https:\\\/\\\/www.pc-service-aus-schaumburg.de\\\/wp-content\\\/uploads\\\/2017\\\/01\\\/Logo.png\",\"width\":200,\"height\":200,\"caption\":\"PC Service aus Schaumburg\"},\"image\":{\"@id\":\"https:\\\/\\\/www.pc-service-aus-schaumburg.de\\\/#\\\/schema\\\/logo\\\/image\\\/\"},\"sameAs\":[\"https:\\\/\\\/www.facebook.com\\\/pc.service.aus.schaumburg\"]}]}<\/script>\n<!-- \/ Yoast SEO plugin. -->","yoast_head_json":{"title":"SMART HOME - PC Service aus Schaumburg","robots":{"index":"index","follow":"follow","max-snippet":"max-snippet:-1","max-image-preview":"max-image-preview:large","max-video-preview":"max-video-preview:-1"},"canonical":"https:\/\/www.pc-service-aus-schaumburg.de\/index.php\/smart-home\/","og_locale":"de_DE","og_type":"article","og_title":"SMART HOME - PC Service aus Schaumburg","og_description":"Auf diesem Bereich meiner Internetpr\u00e4senz soll es um das Thema Smart Home gehen Hier sollen die nachfolgend aufgef\u00fchrten Punkte meinen vorhandenen Kunden bzw. potentiellen Neukunden erl\u00e4utert werden. Smart Home \u2013 Was ist das und wie funktioniert es? Der Begriff Smart Home oder intelligentes Wohnen ist immer mehr Menschen ein Begriff und gerade f\u00fcr Hausbauer oder [&hellip;]","og_url":"https:\/\/www.pc-service-aus-schaumburg.de\/index.php\/smart-home\/","og_site_name":"PC Service aus Schaumburg","article_publisher":"https:\/\/www.facebook.com\/pc.service.aus.schaumburg","article_modified_time":"2020-05-12T12:01:03+00:00","twitter_card":"summary_large_image","twitter_misc":{"Gesch\u00e4tzte Lesezeit":"5\u00a0Minuten"},"schema":{"@context":"https:\/\/schema.org","@graph":[{"@type":"WebPage","@id":"https:\/\/www.pc-service-aus-schaumburg.de\/index.php\/smart-home\/","url":"https:\/\/www.pc-service-aus-schaumburg.de\/index.php\/smart-home\/","name":"SMART HOME - PC Service aus Schaumburg","isPartOf":{"@id":"https:\/\/www.pc-service-aus-schaumburg.de\/#website"},"datePublished":"2017-11-29T16:33:06+00:00","dateModified":"2020-05-12T12:01:03+00:00","breadcrumb":{"@id":"https:\/\/www.pc-service-aus-schaumburg.de\/index.php\/smart-home\/#breadcrumb"},"inLanguage":"de","potentialAction":[{"@type":"ReadAction","target":["https:\/\/www.pc-service-aus-schaumburg.de\/index.php\/smart-home\/"]}]},{"@type":"BreadcrumbList","@id":"https:\/\/www.pc-service-aus-schaumburg.de\/index.php\/smart-home\/#breadcrumb","itemListElement":[{"@type":"ListItem","position":1,"name":"Startseite","item":"https:\/\/www.pc-service-aus-schaumburg.de\/"},{"@type":"ListItem","position":2,"name":"SMART HOME"}]},{"@type":"WebSite","@id":"https:\/\/www.pc-service-aus-schaumburg.de\/#website","url":"https:\/\/www.pc-service-aus-schaumburg.de\/","name":"PC Service aus Schaumburg","description":"","publisher":{"@id":"https:\/\/www.pc-service-aus-schaumburg.de\/#organization"},"potentialAction":[{"@type":"SearchAction","target":{"@type":"EntryPoint","urlTemplate":"https:\/\/www.pc-service-aus-schaumburg.de\/?s={search_term_string}"},"query-input":{"@type":"PropertyValueSpecification","valueRequired":true,"valueName":"search_term_string"}}],"inLanguage":"de"},{"@type":"Organization","@id":"https:\/\/www.pc-service-aus-schaumburg.de\/#organization","name":"PC Service aus Schaumburg","url":"https:\/\/www.pc-service-aus-schaumburg.de\/","logo":{"@type":"ImageObject","inLanguage":"de","@id":"https:\/\/www.pc-service-aus-schaumburg.de\/#\/schema\/logo\/image\/","url":"https:\/\/www.pc-service-aus-schaumburg.de\/wp-content\/uploads\/2017\/01\/Logo.png","contentUrl":"https:\/\/www.pc-service-aus-schaumburg.de\/wp-content\/uploads\/2017\/01\/Logo.png","width":200,"height":200,"caption":"PC Service aus Schaumburg"},"image":{"@id":"https:\/\/www.pc-service-aus-schaumburg.de\/#\/schema\/logo\/image\/"},"sameAs":["https:\/\/www.facebook.com\/pc.service.aus.schaumburg"]}]}},"publishpress_future_action":{"enabled":false,"date":"2026-05-04 06:17:43","action":"change-status","newStatus":"draft","terms":[],"taxonomy":"","extraData":[]},"publishpress_future_workflow_manual_trigger":{"enabledWorkflows":[]},"_links":{"self":[{"href":"https:\/\/www.pc-service-aus-schaumburg.de\/index.php\/wp-json\/wp\/v2\/pages\/3261","targetHints":{"allow":["GET"]}}],"collection":[{"href":"https:\/\/www.pc-service-aus-schaumburg.de\/index.php\/wp-json\/wp\/v2\/pages"}],"about":[{"href":"https:\/\/www.pc-service-aus-schaumburg.de\/index.php\/wp-json\/wp\/v2\/types\/page"}],"author":[{"embeddable":true,"href":"https:\/\/www.pc-service-aus-schaumburg.de\/index.php\/wp-json\/wp\/v2\/users\/1"}],"replies":[{"embeddable":true,"href":"https:\/\/www.pc-service-aus-schaumburg.de\/index.php\/wp-json\/wp\/v2\/comments?post=3261"}],"version-history":[{"count":0,"href":"https:\/\/www.pc-service-aus-schaumburg.de\/index.php\/wp-json\/wp\/v2\/pages\/3261\/revisions"}],"wp:attachment":[{"href":"https:\/\/www.pc-service-aus-schaumburg.de\/index.php\/wp-json\/wp\/v2\/media?parent=3261"}],"curies":[{"name":"wp","href":"https:\/\/api.w.org\/{rel}","templated":true}]}}