{"id":336,"date":"2017-01-12T13:21:18","date_gmt":"2017-01-12T12:21:18","guid":{"rendered":"http:\/\/www.pc-service-aus-schaumburg.de\/wordpress\/index.php\/newsletter\/"},"modified":"2020-05-12T14:14:53","modified_gmt":"2020-05-12T12:14:53","slug":"newsletter","status":"publish","type":"page","link":"https:\/\/www.pc-service-aus-schaumburg.de\/index.php\/newsletter\/","title":{"rendered":"NEWSLETTER"},"content":{"rendered":"<p><span style=\"font-family: comic sans ms, sans-serif;\">Liebe Homepagebesucher,<\/span><br \/>\n<span style=\"font-family: comic sans ms, sans-serif;\">wer \u00fcber alle Neuerungen rund um das Thema IT und Zubeh\u00f6r informiert werden und regelm\u00e4\u00dfig meinen Flyer mit aktuellen Monatsangeboten per E-Mail zugesandt haben m\u00f6chte,<\/span><\/p>\n<p><span style=\"font-family: comic sans ms, sans-serif;\">der muss jetzt schnell den<\/span><\/p>\n<p><span style=\"font-size: 14pt; font-family: comic sans ms, sans-serif;\"><strong>pc-service-aus-schaumburg.de-NEWSLETTER abonnieren!<\/strong><\/span><\/p>\n<p><span style=\"font-family: comic sans ms, sans-serif;\"><code>            <section class=\"widget widget_newsletter2go\">\n                    <div class=\"nl2go-widget\"><script id=\"69e30b9cecced\">\n    !function (e, t, n, c, r, a, i) {\n        e.Newsletter2GoTrackingObject = r, e[r] = e[r] || function () {\n                (e[r].q = e[r].q || []).push(arguments)\n            }, e[r].l = 1 * new Date, a = t.createElement(n), i = t.getElementsByTagName(n)[0], a.async = 1, a.src = c, i.parentNode.insertBefore(a, i)\n    }(window, document, \"script\", \"https:\/\/static.newsletter2go.com\/utils.js\", \"n2g\");\n    n2g(\"create\", \"\");\n    n2g('subscribe:createForm', {\r\n  \"form\": {\r\n    \"class\": \"\",\r\n    \"style\": \"\"\r\n  },\r\n  \"container\": {\r\n    \"type\": \"table\",\r\n    \"class\": \"\",\r\n    \"style\": \"width: 100%;\"\r\n  },\r\n  \"row\": {\r\n    \"type\": \"tr\",\r\n    \"class\": \"\",\r\n    \"style\": \"\"\r\n  },\r\n  \"columnLeft\": {\r\n    \"type\": \"td\",\r\n    \"class\": \"\",\r\n    \"style\": \"width: 10%; padding: 10px 5px;\"\r\n  },\r\n  \"columnRight\": {\r\n    \"type\": \"td\",\r\n    \"class\": \"\",\r\n    \"style\": \"\"\r\n  },\r\n  \"checkbox\": {\r\n    \"type\": \"input\",\r\n    \"class\": \"\",\r\n    \"style\": \"\"\r\n  },\r\n  \"separator\": {\r\n    \"type\": \"br\",\r\n    \"class\": \"\",\r\n    \"style\": \"\"\r\n  },\r\n  \"input\": {\r\n    \"class\": \"\",\r\n    \"style\": \"padding: 5px 450px; border-radius: 2px; border: 1px solid #d8dee4;\"\r\n  },\r\n  \"dropdown\": {\r\n    \"type\": \"select\",\r\n    \"class\": \"\",\r\n    \"style\": \"padding: 3px 5px; border-radius: 2px; border: 1px solid #d8dee4;\"\r\n  },\r\n  \"button\": {\r\n    \"type\": \"button\",\r\n    \"class\": \"\",\r\n    \"id\": \"\",\r\n    \"style\": \"background-color:#2f2483; border: none; border-radius: 4px; padding: 10px 20px; color: #ffffff; margin-top: 20px; cursor: pointer;\"\r\n  },\r\n  \"label\": {\r\n    \"type\": \"label\",\r\n    \"class\": \"\",\r\n    \"style\": \"padding-left: 5px;\"\r\n  },\r\n  \"loader\": {\r\n    \"type\": \"img\",\r\n    \"src\": \"\/\/www.newsletter2go.com\/images\/loader.svg\",\r\n    \"class\": \"\",\r\n    \"style\": \"margin: auto; display:block;\"\r\n  },\r\n  \"message\": {\r\n    \"type\": \"h2\",\r\n    \"class\": \"\",\r\n    \"id\": \"\",\r\n    \"style\": \"text-align: center;\"\r\n  }\r\n},\"69e30b9cecced\");\n<\/script><\/div>\n            <\/section><\/code><\/span><\/p>\n<p><span style=\"font-family: comic sans ms, sans-serif;\">Bei Nichtgefallen k\u00f6nnen Sie sich mit diesem Link wieder aus der Newsletterdatenbank austragen.<\/span><\/p>\n<p><span style=\"font-size: 14pt; font-family: comic sans ms, sans-serif;\"><strong> pc-service-aus-schaumburg.de-NEWSLETTER-ABMELDUNG:<\/strong><\/span><\/p>\n<p><span style=\"font-family: comic sans ms, sans-serif;\"><code>            <section class=\"widget widget_newsletter2go\">\n                    <div class=\"nl2go-widget\">This form type is not available for selected form<\/div>\n            <\/section><\/code><\/span><\/p>\n","protected":false},"excerpt":{"rendered":"<p>Liebe Homepagebesucher, wer \u00fcber alle Neuerungen rund um das Thema IT und Zubeh\u00f6r informiert werden und regelm\u00e4\u00dfig meinen Flyer mit aktuellen Monatsangeboten per E-Mail zugesandt haben m\u00f6chte, der muss jetzt schnell den pc-service-aus-schaumburg.de-NEWSLETTER abonnieren! Bei Nichtgefallen k\u00f6nnen Sie sich mit diesem Link wieder aus der Newsletterdatenbank austragen. pc-service-aus-schaumburg.de-NEWSLETTER-ABMELDUNG:<\/p>\n","protected":false},"author":1,"featured_media":0,"parent":0,"menu_order":0,"comment_status":"closed","ping_status":"closed","template":"","meta":{"footnotes":""},"class_list":["post-336","page","type-page","status-publish","hentry"],"yoast_head":"<!-- This site is optimized with the Yoast SEO plugin v27.4 - https:\/\/yoast.com\/product\/yoast-seo-wordpress\/ -->\n<title>NEWSLETTER - PC Service aus Schaumburg<\/title>\n<meta name=\"robots\" content=\"index, follow, max-snippet:-1, max-image-preview:large, max-video-preview:-1\" \/>\n<link rel=\"canonical\" href=\"https:\/\/www.pc-service-aus-schaumburg.de\/index.php\/newsletter\/\" \/>\n<meta property=\"og:locale\" content=\"de_DE\" \/>\n<meta property=\"og:type\" content=\"article\" \/>\n<meta property=\"og:title\" content=\"NEWSLETTER - PC Service aus Schaumburg\" \/>\n<meta property=\"og:description\" content=\"Liebe Homepagebesucher, wer \u00fcber alle Neuerungen rund um das Thema IT und Zubeh\u00f6r informiert werden und regelm\u00e4\u00dfig meinen Flyer mit aktuellen Monatsangeboten per E-Mail zugesandt haben m\u00f6chte, der muss jetzt schnell den pc-service-aus-schaumburg.de-NEWSLETTER abonnieren! Bei Nichtgefallen k\u00f6nnen Sie sich mit diesem Link wieder aus der Newsletterdatenbank austragen. pc-service-aus-schaumburg.de-NEWSLETTER-ABMELDUNG:\" \/>\n<meta property=\"og:url\" content=\"https:\/\/www.pc-service-aus-schaumburg.de\/index.php\/newsletter\/\" \/>\n<meta property=\"og:site_name\" content=\"PC Service aus Schaumburg\" \/>\n<meta property=\"article:publisher\" content=\"https:\/\/www.facebook.com\/pc.service.aus.schaumburg\" \/>\n<meta property=\"article:modified_time\" content=\"2020-05-12T12:14:53+00:00\" \/>\n<meta name=\"twitter:card\" content=\"summary_large_image\" \/>\n<script type=\"application\/ld+json\" class=\"yoast-schema-graph\">{\"@context\":\"https:\\\/\\\/schema.org\",\"@graph\":[{\"@type\":\"WebPage\",\"@id\":\"https:\\\/\\\/www.pc-service-aus-schaumburg.de\\\/index.php\\\/newsletter\\\/\",\"url\":\"https:\\\/\\\/www.pc-service-aus-schaumburg.de\\\/index.php\\\/newsletter\\\/\",\"name\":\"NEWSLETTER - PC Service aus Schaumburg\",\"isPartOf\":{\"@id\":\"https:\\\/\\\/www.pc-service-aus-schaumburg.de\\\/#website\"},\"datePublished\":\"2017-01-12T12:21:18+00:00\",\"dateModified\":\"2020-05-12T12:14:53+00:00\",\"breadcrumb\":{\"@id\":\"https:\\\/\\\/www.pc-service-aus-schaumburg.de\\\/index.php\\\/newsletter\\\/#breadcrumb\"},\"inLanguage\":\"de\",\"potentialAction\":[{\"@type\":\"ReadAction\",\"target\":[\"https:\\\/\\\/www.pc-service-aus-schaumburg.de\\\/index.php\\\/newsletter\\\/\"]}]},{\"@type\":\"BreadcrumbList\",\"@id\":\"https:\\\/\\\/www.pc-service-aus-schaumburg.de\\\/index.php\\\/newsletter\\\/#breadcrumb\",\"itemListElement\":[{\"@type\":\"ListItem\",\"position\":1,\"name\":\"Startseite\",\"item\":\"https:\\\/\\\/www.pc-service-aus-schaumburg.de\\\/\"},{\"@type\":\"ListItem\",\"position\":2,\"name\":\"NEWSLETTER\"}]},{\"@type\":\"WebSite\",\"@id\":\"https:\\\/\\\/www.pc-service-aus-schaumburg.de\\\/#website\",\"url\":\"https:\\\/\\\/www.pc-service-aus-schaumburg.de\\\/\",\"name\":\"PC Service aus Schaumburg\",\"description\":\"\",\"publisher\":{\"@id\":\"https:\\\/\\\/www.pc-service-aus-schaumburg.de\\\/#organization\"},\"potentialAction\":[{\"@type\":\"SearchAction\",\"target\":{\"@type\":\"EntryPoint\",\"urlTemplate\":\"https:\\\/\\\/www.pc-service-aus-schaumburg.de\\\/?s={search_term_string}\"},\"query-input\":{\"@type\":\"PropertyValueSpecification\",\"valueRequired\":true,\"valueName\":\"search_term_string\"}}],\"inLanguage\":\"de\"},{\"@type\":\"Organization\",\"@id\":\"https:\\\/\\\/www.pc-service-aus-schaumburg.de\\\/#organization\",\"name\":\"PC Service aus Schaumburg\",\"url\":\"https:\\\/\\\/www.pc-service-aus-schaumburg.de\\\/\",\"logo\":{\"@type\":\"ImageObject\",\"inLanguage\":\"de\",\"@id\":\"https:\\\/\\\/www.pc-service-aus-schaumburg.de\\\/#\\\/schema\\\/logo\\\/image\\\/\",\"url\":\"https:\\\/\\\/www.pc-service-aus-schaumburg.de\\\/wp-content\\\/uploads\\\/2017\\\/01\\\/Logo.png\",\"contentUrl\":\"https:\\\/\\\/www.pc-service-aus-schaumburg.de\\\/wp-content\\\/uploads\\\/2017\\\/01\\\/Logo.png\",\"width\":200,\"height\":200,\"caption\":\"PC Service aus Schaumburg\"},\"image\":{\"@id\":\"https:\\\/\\\/www.pc-service-aus-schaumburg.de\\\/#\\\/schema\\\/logo\\\/image\\\/\"},\"sameAs\":[\"https:\\\/\\\/www.facebook.com\\\/pc.service.aus.schaumburg\"]}]}<\/script>\n<!-- \/ Yoast SEO plugin. -->","yoast_head_json":{"title":"NEWSLETTER - PC Service aus Schaumburg","robots":{"index":"index","follow":"follow","max-snippet":"max-snippet:-1","max-image-preview":"max-image-preview:large","max-video-preview":"max-video-preview:-1"},"canonical":"https:\/\/www.pc-service-aus-schaumburg.de\/index.php\/newsletter\/","og_locale":"de_DE","og_type":"article","og_title":"NEWSLETTER - PC Service aus Schaumburg","og_description":"Liebe Homepagebesucher, wer \u00fcber alle Neuerungen rund um das Thema IT und Zubeh\u00f6r informiert werden und regelm\u00e4\u00dfig meinen Flyer mit aktuellen Monatsangeboten per E-Mail zugesandt haben m\u00f6chte, der muss jetzt schnell den pc-service-aus-schaumburg.de-NEWSLETTER abonnieren! Bei Nichtgefallen k\u00f6nnen Sie sich mit diesem Link wieder aus der Newsletterdatenbank austragen. pc-service-aus-schaumburg.de-NEWSLETTER-ABMELDUNG:","og_url":"https:\/\/www.pc-service-aus-schaumburg.de\/index.php\/newsletter\/","og_site_name":"PC Service aus Schaumburg","article_publisher":"https:\/\/www.facebook.com\/pc.service.aus.schaumburg","article_modified_time":"2020-05-12T12:14:53+00:00","twitter_card":"summary_large_image","schema":{"@context":"https:\/\/schema.org","@graph":[{"@type":"WebPage","@id":"https:\/\/www.pc-service-aus-schaumburg.de\/index.php\/newsletter\/","url":"https:\/\/www.pc-service-aus-schaumburg.de\/index.php\/newsletter\/","name":"NEWSLETTER - PC Service aus Schaumburg","isPartOf":{"@id":"https:\/\/www.pc-service-aus-schaumburg.de\/#website"},"datePublished":"2017-01-12T12:21:18+00:00","dateModified":"2020-05-12T12:14:53+00:00","breadcrumb":{"@id":"https:\/\/www.pc-service-aus-schaumburg.de\/index.php\/newsletter\/#breadcrumb"},"inLanguage":"de","potentialAction":[{"@type":"ReadAction","target":["https:\/\/www.pc-service-aus-schaumburg.de\/index.php\/newsletter\/"]}]},{"@type":"BreadcrumbList","@id":"https:\/\/www.pc-service-aus-schaumburg.de\/index.php\/newsletter\/#breadcrumb","itemListElement":[{"@type":"ListItem","position":1,"name":"Startseite","item":"https:\/\/www.pc-service-aus-schaumburg.de\/"},{"@type":"ListItem","position":2,"name":"NEWSLETTER"}]},{"@type":"WebSite","@id":"https:\/\/www.pc-service-aus-schaumburg.de\/#website","url":"https:\/\/www.pc-service-aus-schaumburg.de\/","name":"PC Service aus Schaumburg","description":"","publisher":{"@id":"https:\/\/www.pc-service-aus-schaumburg.de\/#organization"},"potentialAction":[{"@type":"SearchAction","target":{"@type":"EntryPoint","urlTemplate":"https:\/\/www.pc-service-aus-schaumburg.de\/?s={search_term_string}"},"query-input":{"@type":"PropertyValueSpecification","valueRequired":true,"valueName":"search_term_string"}}],"inLanguage":"de"},{"@type":"Organization","@id":"https:\/\/www.pc-service-aus-schaumburg.de\/#organization","name":"PC Service aus Schaumburg","url":"https:\/\/www.pc-service-aus-schaumburg.de\/","logo":{"@type":"ImageObject","inLanguage":"de","@id":"https:\/\/www.pc-service-aus-schaumburg.de\/#\/schema\/logo\/image\/","url":"https:\/\/www.pc-service-aus-schaumburg.de\/wp-content\/uploads\/2017\/01\/Logo.png","contentUrl":"https:\/\/www.pc-service-aus-schaumburg.de\/wp-content\/uploads\/2017\/01\/Logo.png","width":200,"height":200,"caption":"PC Service aus Schaumburg"},"image":{"@id":"https:\/\/www.pc-service-aus-schaumburg.de\/#\/schema\/logo\/image\/"},"sameAs":["https:\/\/www.facebook.com\/pc.service.aus.schaumburg"]}]}},"publishpress_future_action":{"enabled":false,"date":"2026-04-25 06:42:05","action":"change-status","newStatus":"draft","terms":[],"taxonomy":"","extraData":[]},"publishpress_future_workflow_manual_trigger":{"enabledWorkflows":[]},"_links":{"self":[{"href":"https:\/\/www.pc-service-aus-schaumburg.de\/index.php\/wp-json\/wp\/v2\/pages\/336","targetHints":{"allow":["GET"]}}],"collection":[{"href":"https:\/\/www.pc-service-aus-schaumburg.de\/index.php\/wp-json\/wp\/v2\/pages"}],"about":[{"href":"https:\/\/www.pc-service-aus-schaumburg.de\/index.php\/wp-json\/wp\/v2\/types\/page"}],"author":[{"embeddable":true,"href":"https:\/\/www.pc-service-aus-schaumburg.de\/index.php\/wp-json\/wp\/v2\/users\/1"}],"replies":[{"embeddable":true,"href":"https:\/\/www.pc-service-aus-schaumburg.de\/index.php\/wp-json\/wp\/v2\/comments?post=336"}],"version-history":[{"count":0,"href":"https:\/\/www.pc-service-aus-schaumburg.de\/index.php\/wp-json\/wp\/v2\/pages\/336\/revisions"}],"wp:attachment":[{"href":"https:\/\/www.pc-service-aus-schaumburg.de\/index.php\/wp-json\/wp\/v2\/media?parent=336"}],"curies":[{"name":"wp","href":"https:\/\/api.w.org\/{rel}","templated":true}]}}