{"id":53,"date":"2017-01-07T14:26:57","date_gmt":"2017-01-07T13:26:57","guid":{"rendered":"http:\/\/www.pc-service-aus-schaumburg.de\/wordpress\/?page_id=53"},"modified":"2020-03-17T23:45:54","modified_gmt":"2020-03-17T22:45:54","slug":"widerrufsbelehrung","status":"publish","type":"page","link":"https:\/\/www.pc-service-aus-schaumburg.de\/index.php\/widerrufsbelehrung\/","title":{"rendered":"WIDERRUFSBELEHRUNG"},"content":{"rendered":"<div>\n<p class=\"text\"><strong>Widerrufsbelehrung &#8211; Warensendungen<br \/>\n<\/strong><\/p>\n<p class=\"text\"><strong><br \/>\nWiderrufsrecht<\/strong><\/p>\n<p class=\"text\">Sie haben das Recht, binnen vierzehn Tagen ohne Angabe von Gr\u00fcnden diesen Vertrag zu widerrufen.<\/p>\n<p class=\"text\">Die Widerrufsfrist betr\u00e4gt vierzehn Tage ab dem Tag, an dem Sie oder ein von Ihnen benannter Dritter, der nicht der Bef\u00f6rderer ist, die letzte Teilsendung oder das letzte St\u00fcck in Besitz genommen haben bzw. hat.<\/p>\n<p class=\"text\">Um Ihr Widerrufsrecht auszu\u00fcben, m\u00fcssen Sie uns (Tobias M\u00f6ller \u2013 PC Service aus Schaumburg, Riepacker Str. 19, 31691 Helpsen, Tel.: +49 (0) 5724-98449, Fax: +49 (0) 5724-98450, E-Mail: info@pc-service-aus-schaumburg.de) mittels einer eindeutigen Erkl\u00e4rung (z.B. ein mit der Post versandter Brief, Telefax oder E-Mail) \u00fcber Ihren Entschluss, diesen Vertrag zu widerrufen, informieren. Sie k\u00f6nnen daf\u00fcr das <span style=\"color: #000000;\">&gt;hier verlinkte&lt;<\/span> Muster-Widerrufsformular verwenden, das jedoch nicht vorgeschrieben ist.<\/p>\n<p class=\"text\">Zur Wahrung der Widerrufsfrist reicht es aus, dass Sie die Mitteilung \u00fcber die Aus\u00fcbung des Widerrufsrechts vor Ablauf der Widerrufsfrist absenden.<\/p>\n<p class=\"text\"><strong><br \/>\nFolgen des Widerrufs<\/strong><\/p>\n<p class=\"text\">Wenn Sie diesen Vertrag widerrufen, haben wir Ihnen alle Zahlungen, die wir von Ihnen erhalten haben, einschlie\u00dflich der Lieferkosten (mit Ausnahme der zus\u00e4tzlichen Kosten, die sich daraus ergeben, dass Sie eine andere Art der Lieferung als die von uns angebotene, g\u00fcnstigste Standardlieferung gew\u00e4hlt haben), unverz\u00fcglich und sp\u00e4testens binnen vierzehn Tagen ab dem Tag zur\u00fcckzuzahlen, an dem die Mitteilung \u00fcber Ihren Widerruf dieses Vertrags bei uns eingegangen ist. F\u00fcr diese R\u00fcckzahlung verwenden wir dasselbe Zahlungsmittel, das Sie bei der urspr\u00fcnglichen Transaktion eingesetzt haben, es sei denn, mit Ihnen wurde ausdr\u00fccklich etwas anderes vereinbart; in keinem Fall werden Ihnen wegen dieser R\u00fcckzahlung Entgelte berechnet. Wir k\u00f6nnen die R\u00fcckzahlung verweigern, bis wir die Waren wieder zur\u00fcckerhalten haben oder bis Sie den Nachweis erbracht haben, dass Sie die Waren zur\u00fcckgesandt haben, je nachdem, welches der fr\u00fchere Zeitpunkt ist.<\/p>\n<p class=\"text\">Sie haben die Waren unverz\u00fcglich und in jedem Fall sp\u00e4testens binnen vierzehn Tagen ab dem Tag, an dem Sie uns \u00fcber den Widerruf dieses Vertrags unterrichten, an uns zur\u00fcckzusenden oder zu \u00fcbergeben. Die Frist ist gewahrt, wenn Sie die Waren vor Ablauf der Frist von vierzehn Tagen absenden. Sie tragen die unmittelbaren Kosten der R\u00fccksendung der Waren. Sie m\u00fcssen f\u00fcr einen etwaigen Wertverlust der Waren nur aufkommen, wenn dieser Wertverlust auf einen zur Pr\u00fcfung der Beschaffenheit, Eigenschaften und Funktionsweise der Waren nicht notwendigen Umgang mit ihnen zur\u00fcckzuf\u00fchren ist.<\/p>\n<div>\n<p class=\"text\"><strong>Widerrufsbelehrung &#8211; Dienstleistungen<br \/>\n<\/strong><\/p>\n<p class=\"text\"><strong><br \/>\nWiderrufsrecht<\/strong><\/p>\n<p class=\"text\">Sie haben das Recht, binnen vierzehn Tagen ohne Angabe von Gr\u00fcnden diesen Vertrag zu widerrufen.<\/p>\n<p class=\"text\">Die Widerrufsfrist betr\u00e4gt vierzehn Tage ab dem Tag des Vertragsabschlusses.<\/p>\n<p class=\"text\">Um Ihr Widerrufsrecht auszu\u00fcben, m\u00fcssen Sie uns (Tobias M\u00f6ller \u2013 PC Service aus Schaumburg, Riepacker Str. 19, 31691 Helpsen, Tel.: +49 (0) 5724-98449, Fax: +49 (0) 5724-98450, E-Mail: info@pc-service-aus-schaumburg.de) mittels einer eindeutigen Erkl\u00e4rung (z.B. ein mit der Post versandter Brief, Telefax oder E-Mail) \u00fcber Ihren Entschluss, diesen Vertrag zu widerrufen, informieren. Sie k\u00f6nnen daf\u00fcr das <span style=\"color: #000000;\">&gt;hier verlinkte&lt;<\/span> Muster-Widerrufsformular verwenden, das jedoch nicht vorgeschrieben ist.<\/p>\n<p class=\"text\">Zur Wahrung der Widerrufsfrist reicht es aus, dass Sie die Mitteilung \u00fcber die Aus\u00fcbung des Widerrufsrechts vor Ablauf der Widerrufsfrist absenden.<\/p>\n<p class=\"text\"><strong><br \/>\nFolgen des Widerrufs<\/strong><\/p>\n<p class=\"text\">Wenn Sie diesen Vertrag widerrufen, haben wir Ihnen alle Zahlungen, die wir von Ihnen erhalten haben, einschlie\u00dflich der Lieferkosten (mit Ausnahme der zus\u00e4tzlichen Kosten, die sich daraus ergeben, dass Sie eine andere Art der Lieferung als die von uns angebotene, g\u00fcnstigste Standardlieferung gew\u00e4hlt haben), unverz\u00fcglich und sp\u00e4testens binnen vierzehn Tagen ab dem Tag zur\u00fcckzuzahlen, an dem die Mitteilung \u00fcber Ihren Widerruf dieses Vertrags bei uns eingegangen ist. F\u00fcr diese R\u00fcckzahlung verwenden wir dasselbe Zahlungsmittel, das Sie bei der urspr\u00fcnglichen Transaktion eingesetzt haben, es sei denn, mit Ihnen wurde ausdr\u00fccklich etwas anderes vereinbart; in keinem Fall werden Ihnen wegen dieser R\u00fcckzahlung Entgelte berechnet.<\/p>\n<p class=\"text\">Haben Sie verlangt, dass die Dienstleistungen w\u00e4hrend der Widerrufsfrist beginnen sollen, so haben Sie uns einen angemessenen Betrag zu zahlen, der dem Anteil der bis zu dem Zeitpunkt, zu dem Sie uns von der Aus\u00fcbung des Widerrufsrechts hinsichtlich dieses Vertrags unterrichten, bereits erbrachten Dienstleistungen im Vergleich zum Gesamtumfang der im Vertrag vorgesehenen Dienstleistungen entspricht.<\/p>\n<\/div>\n<\/div>\n","protected":false},"excerpt":{"rendered":"<p>Widerrufsbelehrung &#8211; Warensendungen Widerrufsrecht Sie haben das Recht, binnen vierzehn Tagen ohne Angabe von Gr\u00fcnden diesen Vertrag zu widerrufen. Die Widerrufsfrist betr\u00e4gt vierzehn Tage ab dem Tag, an dem Sie oder ein von Ihnen benannter Dritter, der nicht der Bef\u00f6rderer ist, die letzte Teilsendung oder das letzte St\u00fcck in Besitz genommen haben bzw. hat. Um [&hellip;]<\/p>\n","protected":false},"author":1,"featured_media":0,"parent":0,"menu_order":0,"comment_status":"closed","ping_status":"closed","template":"","meta":{"footnotes":""},"class_list":["post-53","page","type-page","status-publish","hentry"],"yoast_head":"<!-- This site is optimized with the Yoast SEO plugin v27.5 - https:\/\/yoast.com\/product\/yoast-seo-wordpress\/ -->\n<title>WIDERRUFSBELEHRUNG - PC Service aus Schaumburg<\/title>\n<meta name=\"robots\" content=\"index, follow, max-snippet:-1, max-image-preview:large, max-video-preview:-1\" \/>\n<link rel=\"canonical\" href=\"https:\/\/www.pc-service-aus-schaumburg.de\/index.php\/widerrufsbelehrung\/\" \/>\n<meta property=\"og:locale\" content=\"de_DE\" \/>\n<meta property=\"og:type\" content=\"article\" \/>\n<meta property=\"og:title\" content=\"WIDERRUFSBELEHRUNG - PC Service aus Schaumburg\" \/>\n<meta property=\"og:description\" content=\"Widerrufsbelehrung &#8211; Warensendungen Widerrufsrecht Sie haben das Recht, binnen vierzehn Tagen ohne Angabe von Gr\u00fcnden diesen Vertrag zu widerrufen. Die Widerrufsfrist betr\u00e4gt vierzehn Tage ab dem Tag, an dem Sie oder ein von Ihnen benannter Dritter, der nicht der Bef\u00f6rderer ist, die letzte Teilsendung oder das letzte St\u00fcck in Besitz genommen haben bzw. hat. Um [&hellip;]\" \/>\n<meta property=\"og:url\" content=\"https:\/\/www.pc-service-aus-schaumburg.de\/index.php\/widerrufsbelehrung\/\" \/>\n<meta property=\"og:site_name\" content=\"PC Service aus Schaumburg\" \/>\n<meta property=\"article:publisher\" content=\"https:\/\/www.facebook.com\/pc.service.aus.schaumburg\" \/>\n<meta property=\"article:modified_time\" content=\"2020-03-17T22:45:54+00:00\" \/>\n<meta name=\"twitter:card\" content=\"summary_large_image\" \/>\n<meta name=\"twitter:label1\" content=\"Gesch\u00e4tzte Lesezeit\" \/>\n\t<meta name=\"twitter:data1\" content=\"3\u00a0Minuten\" \/>\n<script type=\"application\/ld+json\" class=\"yoast-schema-graph\">{\"@context\":\"https:\\\/\\\/schema.org\",\"@graph\":[{\"@type\":\"WebPage\",\"@id\":\"https:\\\/\\\/www.pc-service-aus-schaumburg.de\\\/index.php\\\/widerrufsbelehrung\\\/\",\"url\":\"https:\\\/\\\/www.pc-service-aus-schaumburg.de\\\/index.php\\\/widerrufsbelehrung\\\/\",\"name\":\"WIDERRUFSBELEHRUNG - PC Service aus Schaumburg\",\"isPartOf\":{\"@id\":\"https:\\\/\\\/www.pc-service-aus-schaumburg.de\\\/#website\"},\"datePublished\":\"2017-01-07T13:26:57+00:00\",\"dateModified\":\"2020-03-17T22:45:54+00:00\",\"breadcrumb\":{\"@id\":\"https:\\\/\\\/www.pc-service-aus-schaumburg.de\\\/index.php\\\/widerrufsbelehrung\\\/#breadcrumb\"},\"inLanguage\":\"de\",\"potentialAction\":[{\"@type\":\"ReadAction\",\"target\":[\"https:\\\/\\\/www.pc-service-aus-schaumburg.de\\\/index.php\\\/widerrufsbelehrung\\\/\"]}]},{\"@type\":\"BreadcrumbList\",\"@id\":\"https:\\\/\\\/www.pc-service-aus-schaumburg.de\\\/index.php\\\/widerrufsbelehrung\\\/#breadcrumb\",\"itemListElement\":[{\"@type\":\"ListItem\",\"position\":1,\"name\":\"Startseite\",\"item\":\"https:\\\/\\\/www.pc-service-aus-schaumburg.de\\\/\"},{\"@type\":\"ListItem\",\"position\":2,\"name\":\"WIDERRUFSBELEHRUNG\"}]},{\"@type\":\"WebSite\",\"@id\":\"https:\\\/\\\/www.pc-service-aus-schaumburg.de\\\/#website\",\"url\":\"https:\\\/\\\/www.pc-service-aus-schaumburg.de\\\/\",\"name\":\"PC Service aus Schaumburg\",\"description\":\"\",\"publisher\":{\"@id\":\"https:\\\/\\\/www.pc-service-aus-schaumburg.de\\\/#organization\"},\"potentialAction\":[{\"@type\":\"SearchAction\",\"target\":{\"@type\":\"EntryPoint\",\"urlTemplate\":\"https:\\\/\\\/www.pc-service-aus-schaumburg.de\\\/?s={search_term_string}\"},\"query-input\":{\"@type\":\"PropertyValueSpecification\",\"valueRequired\":true,\"valueName\":\"search_term_string\"}}],\"inLanguage\":\"de\"},{\"@type\":\"Organization\",\"@id\":\"https:\\\/\\\/www.pc-service-aus-schaumburg.de\\\/#organization\",\"name\":\"PC Service aus Schaumburg\",\"url\":\"https:\\\/\\\/www.pc-service-aus-schaumburg.de\\\/\",\"logo\":{\"@type\":\"ImageObject\",\"inLanguage\":\"de\",\"@id\":\"https:\\\/\\\/www.pc-service-aus-schaumburg.de\\\/#\\\/schema\\\/logo\\\/image\\\/\",\"url\":\"https:\\\/\\\/www.pc-service-aus-schaumburg.de\\\/wp-content\\\/uploads\\\/2017\\\/01\\\/Logo.png\",\"contentUrl\":\"https:\\\/\\\/www.pc-service-aus-schaumburg.de\\\/wp-content\\\/uploads\\\/2017\\\/01\\\/Logo.png\",\"width\":200,\"height\":200,\"caption\":\"PC Service aus Schaumburg\"},\"image\":{\"@id\":\"https:\\\/\\\/www.pc-service-aus-schaumburg.de\\\/#\\\/schema\\\/logo\\\/image\\\/\"},\"sameAs\":[\"https:\\\/\\\/www.facebook.com\\\/pc.service.aus.schaumburg\"]}]}<\/script>\n<!-- \/ Yoast SEO plugin. -->","yoast_head_json":{"title":"WIDERRUFSBELEHRUNG - PC Service aus Schaumburg","robots":{"index":"index","follow":"follow","max-snippet":"max-snippet:-1","max-image-preview":"max-image-preview:large","max-video-preview":"max-video-preview:-1"},"canonical":"https:\/\/www.pc-service-aus-schaumburg.de\/index.php\/widerrufsbelehrung\/","og_locale":"de_DE","og_type":"article","og_title":"WIDERRUFSBELEHRUNG - PC Service aus Schaumburg","og_description":"Widerrufsbelehrung &#8211; Warensendungen Widerrufsrecht Sie haben das Recht, binnen vierzehn Tagen ohne Angabe von Gr\u00fcnden diesen Vertrag zu widerrufen. Die Widerrufsfrist betr\u00e4gt vierzehn Tage ab dem Tag, an dem Sie oder ein von Ihnen benannter Dritter, der nicht der Bef\u00f6rderer ist, die letzte Teilsendung oder das letzte St\u00fcck in Besitz genommen haben bzw. hat. Um [&hellip;]","og_url":"https:\/\/www.pc-service-aus-schaumburg.de\/index.php\/widerrufsbelehrung\/","og_site_name":"PC Service aus Schaumburg","article_publisher":"https:\/\/www.facebook.com\/pc.service.aus.schaumburg","article_modified_time":"2020-03-17T22:45:54+00:00","twitter_card":"summary_large_image","twitter_misc":{"Gesch\u00e4tzte Lesezeit":"3\u00a0Minuten"},"schema":{"@context":"https:\/\/schema.org","@graph":[{"@type":"WebPage","@id":"https:\/\/www.pc-service-aus-schaumburg.de\/index.php\/widerrufsbelehrung\/","url":"https:\/\/www.pc-service-aus-schaumburg.de\/index.php\/widerrufsbelehrung\/","name":"WIDERRUFSBELEHRUNG - PC Service aus Schaumburg","isPartOf":{"@id":"https:\/\/www.pc-service-aus-schaumburg.de\/#website"},"datePublished":"2017-01-07T13:26:57+00:00","dateModified":"2020-03-17T22:45:54+00:00","breadcrumb":{"@id":"https:\/\/www.pc-service-aus-schaumburg.de\/index.php\/widerrufsbelehrung\/#breadcrumb"},"inLanguage":"de","potentialAction":[{"@type":"ReadAction","target":["https:\/\/www.pc-service-aus-schaumburg.de\/index.php\/widerrufsbelehrung\/"]}]},{"@type":"BreadcrumbList","@id":"https:\/\/www.pc-service-aus-schaumburg.de\/index.php\/widerrufsbelehrung\/#breadcrumb","itemListElement":[{"@type":"ListItem","position":1,"name":"Startseite","item":"https:\/\/www.pc-service-aus-schaumburg.de\/"},{"@type":"ListItem","position":2,"name":"WIDERRUFSBELEHRUNG"}]},{"@type":"WebSite","@id":"https:\/\/www.pc-service-aus-schaumburg.de\/#website","url":"https:\/\/www.pc-service-aus-schaumburg.de\/","name":"PC Service aus Schaumburg","description":"","publisher":{"@id":"https:\/\/www.pc-service-aus-schaumburg.de\/#organization"},"potentialAction":[{"@type":"SearchAction","target":{"@type":"EntryPoint","urlTemplate":"https:\/\/www.pc-service-aus-schaumburg.de\/?s={search_term_string}"},"query-input":{"@type":"PropertyValueSpecification","valueRequired":true,"valueName":"search_term_string"}}],"inLanguage":"de"},{"@type":"Organization","@id":"https:\/\/www.pc-service-aus-schaumburg.de\/#organization","name":"PC Service aus Schaumburg","url":"https:\/\/www.pc-service-aus-schaumburg.de\/","logo":{"@type":"ImageObject","inLanguage":"de","@id":"https:\/\/www.pc-service-aus-schaumburg.de\/#\/schema\/logo\/image\/","url":"https:\/\/www.pc-service-aus-schaumburg.de\/wp-content\/uploads\/2017\/01\/Logo.png","contentUrl":"https:\/\/www.pc-service-aus-schaumburg.de\/wp-content\/uploads\/2017\/01\/Logo.png","width":200,"height":200,"caption":"PC Service aus Schaumburg"},"image":{"@id":"https:\/\/www.pc-service-aus-schaumburg.de\/#\/schema\/logo\/image\/"},"sameAs":["https:\/\/www.facebook.com\/pc.service.aus.schaumburg"]}]}},"publishpress_future_action":{"enabled":false,"date":"2026-05-08 01:30:26","action":"change-status","newStatus":"draft","terms":[],"taxonomy":"","extraData":[]},"publishpress_future_workflow_manual_trigger":{"enabledWorkflows":[]},"_links":{"self":[{"href":"https:\/\/www.pc-service-aus-schaumburg.de\/index.php\/wp-json\/wp\/v2\/pages\/53","targetHints":{"allow":["GET"]}}],"collection":[{"href":"https:\/\/www.pc-service-aus-schaumburg.de\/index.php\/wp-json\/wp\/v2\/pages"}],"about":[{"href":"https:\/\/www.pc-service-aus-schaumburg.de\/index.php\/wp-json\/wp\/v2\/types\/page"}],"author":[{"embeddable":true,"href":"https:\/\/www.pc-service-aus-schaumburg.de\/index.php\/wp-json\/wp\/v2\/users\/1"}],"replies":[{"embeddable":true,"href":"https:\/\/www.pc-service-aus-schaumburg.de\/index.php\/wp-json\/wp\/v2\/comments?post=53"}],"version-history":[{"count":0,"href":"https:\/\/www.pc-service-aus-schaumburg.de\/index.php\/wp-json\/wp\/v2\/pages\/53\/revisions"}],"wp:attachment":[{"href":"https:\/\/www.pc-service-aus-schaumburg.de\/index.php\/wp-json\/wp\/v2\/media?parent=53"}],"curies":[{"name":"wp","href":"https:\/\/api.w.org\/{rel}","templated":true}]}}